{"id":1134,"date":"2026-05-08T07:55:49","date_gmt":"2026-05-08T11:55:49","guid":{"rendered":"https:\/\/matelaspersonnel.com\/produit\/matelas-a-ressorts-le-supreme\/"},"modified":"2026-05-10T03:09:38","modified_gmt":"2026-05-10T07:09:38","slug":"matelas-a-ressorts-le-supreme","status":"publish","type":"product","link":"https:\/\/matelaspersonnel.com\/en\/product\/matelas-a-ressorts-le-supreme\/","title":{"rendered":"Matelas \u00e0 ressorts Le Supreme"},"content":{"rendered":"<p>Le matelas \u00e0 ressorts Le Supreme est l\u2019un des mod\u00e8les les plus haut de gamme de la collection \u00e0 ressorts. Il est con\u00e7u pour les clients qui recherchent une exp\u00e9rience de sommeil plus luxueuse, avec un soutien solide et une finition de qualit\u00e9.<\/p>\n<p>Sa construction offre une excellente stabilit\u00e9 et un confort durable. Disponible en version deux faces ou une face, Le Supreme est un excellent choix pour les clients qui veulent investir dans un matelas de qualit\u00e9 sup\u00e9rieure.<\/p>\n<h3>Points forts<\/h3>\n<ul>\n<li>Matelas \u00e0 ressorts de luxe<\/li>\n<li>Confort sup\u00e9rieur<\/li>\n<li>Soutien stable et durable<\/li>\n<li>Disponible en deux faces ou une face<\/li>\n<li>Id\u00e9al pour une chambre principale haut de gamme<\/li>\n<li>Disponible en formats Simple, Double, Queen et King<\/li>\n<\/ul>\n<h3>Avantages Matelas Personnel<\/h3>\n<ul>\n<li>Fabriqu\u00e9 au Qu\u00e9bec<\/li>\n<li>Prix direct du fabricant<\/li>\n<li>Livraison locale disponible<\/li>\n<li>Confort durable<\/li>\n<li>Fabrication de qualit\u00e9<\/li>\n<\/ul>","protected":false},"excerpt":{"rendered":"<p>Le Supreme est un matelas \u00e0 ressorts de luxe con\u00e7u pour offrir un confort sup\u00e9rieur, un soutien stable et une grande durabilit\u00e9.<\/p>","protected":false},"featured_media":1173,"comment_status":"open","ping_status":"closed","template":"","meta":[],"product_brand":[],"product_cat":[33],"product_tag":[38,39,36,37,40],"class_list":{"0":"post-1134","1":"product","2":"type-product","3":"status-publish","4":"has-post-thumbnail","6":"product_cat-matelas-a-ressorts","7":"product_tag-fabrique-au-quebec","8":"product_tag-livraison-locale","9":"product_tag-matelas","10":"product_tag-matelas-personnel","11":"product_tag-prix-direct-du-fabricant","13":"first","14":"instock","15":"taxable","16":"shipping-taxable","17":"purchasable","18":"product-type-variable"},"yoast_head":"<!-- This site is optimized with the Yoast SEO plugin v27.5 - https:\/\/yoast.com\/product\/yoast-seo-wordpress\/ -->\n<title>Matelas Le Supreme | Matelas \u00e0 ressorts de luxe | Matelas Personnel<\/title>\n<meta name=\"description\" content=\"Le matelas Le Supreme offre un confort de luxe, un soutien durable et une qualit\u00e9 sup\u00e9rieure. Disponible chez Matelas Personnel.\" \/>\n<meta name=\"robots\" content=\"index, follow, max-snippet:-1, max-image-preview:large, max-video-preview:-1\" \/>\n<link rel=\"canonical\" href=\"https:\/\/matelaspersonnel.com\/en\/product\/matelas-a-ressorts-le-supreme\/\" \/>\n<meta property=\"og:locale\" content=\"en_US\" \/>\n<meta property=\"og:type\" content=\"article\" \/>\n<meta property=\"og:title\" content=\"Matelas Le Supreme | Matelas \u00e0 ressorts de luxe | Matelas Personnel\" \/>\n<meta property=\"og:description\" content=\"Le matelas Le Supreme offre un confort de luxe, un soutien durable et une qualit\u00e9 sup\u00e9rieure. Disponible chez Matelas Personnel.\" \/>\n<meta property=\"og:url\" content=\"https:\/\/matelaspersonnel.com\/en\/product\/matelas-a-ressorts-le-supreme\/\" \/>\n<meta property=\"og:site_name\" content=\"Matelas Personnel\" \/>\n<meta property=\"article:modified_time\" content=\"2026-05-10T07:09:38+00:00\" \/>\n<meta name=\"twitter:card\" content=\"summary_large_image\" \/>\n<meta name=\"twitter:label1\" content=\"Est. reading time\" \/>\n\t<meta name=\"twitter:data1\" content=\"1 minute\" \/>\n<script type=\"application\/ld+json\" class=\"yoast-schema-graph\">{\"@context\":\"https:\\\/\\\/schema.org\",\"@graph\":[{\"@type\":\"WebPage\",\"@id\":\"https:\\\/\\\/matelaspersonnel.com\\\/produit\\\/matelas-a-ressorts-le-supreme\\\/\",\"url\":\"https:\\\/\\\/matelaspersonnel.com\\\/produit\\\/matelas-a-ressorts-le-supreme\\\/\",\"name\":\"Matelas Le Supreme | Matelas \u00e0 ressorts de luxe | Matelas Personnel\",\"isPartOf\":{\"@id\":\"https:\\\/\\\/matelaspersonnel.com\\\/#website\"},\"primaryImageOfPage\":{\"@id\":\"https:\\\/\\\/matelaspersonnel.com\\\/produit\\\/matelas-a-ressorts-le-supreme\\\/#primaryimage\"},\"image\":{\"@id\":\"https:\\\/\\\/matelaspersonnel.com\\\/produit\\\/matelas-a-ressorts-le-supreme\\\/#primaryimage\"},\"thumbnailUrl\":\"https:\\\/\\\/matelaspersonnel.com\\\/wp-content\\\/uploads\\\/2026\\\/05\\\/Le-Supreme-Matelas-Personnel.01.webp\",\"datePublished\":\"2026-05-08T11:55:49+00:00\",\"dateModified\":\"2026-05-10T07:09:38+00:00\",\"description\":\"Le matelas Le Supreme offre un confort de luxe, un soutien durable et une qualit\u00e9 sup\u00e9rieure. Disponible chez Matelas Personnel.\",\"breadcrumb\":{\"@id\":\"https:\\\/\\\/matelaspersonnel.com\\\/produit\\\/matelas-a-ressorts-le-supreme\\\/#breadcrumb\"},\"inLanguage\":\"en-CA\",\"potentialAction\":[{\"@type\":\"ReadAction\",\"target\":[\"https:\\\/\\\/matelaspersonnel.com\\\/produit\\\/matelas-a-ressorts-le-supreme\\\/\"]}]},{\"@type\":\"ImageObject\",\"inLanguage\":\"en-CA\",\"@id\":\"https:\\\/\\\/matelaspersonnel.com\\\/produit\\\/matelas-a-ressorts-le-supreme\\\/#primaryimage\",\"url\":\"https:\\\/\\\/matelaspersonnel.com\\\/wp-content\\\/uploads\\\/2026\\\/05\\\/Le-Supreme-Matelas-Personnel.01.webp\",\"contentUrl\":\"https:\\\/\\\/matelaspersonnel.com\\\/wp-content\\\/uploads\\\/2026\\\/05\\\/Le-Supreme-Matelas-Personnel.01.webp\",\"width\":1536,\"height\":1024,\"caption\":\"Matelas \u00e0 ressorts Le Supreme - Matelas Personnel\"},{\"@type\":\"BreadcrumbList\",\"@id\":\"https:\\\/\\\/matelaspersonnel.com\\\/produit\\\/matelas-a-ressorts-le-supreme\\\/#breadcrumb\",\"itemListElement\":[{\"@type\":\"ListItem\",\"position\":1,\"name\":\"Accueil\",\"item\":\"https:\\\/\\\/matelaspersonnel.com\\\/\"},{\"@type\":\"ListItem\",\"position\":2,\"name\":\"Boutique\",\"item\":\"https:\\\/\\\/matelaspersonnel.com\\\/boutique\\\/\"},{\"@type\":\"ListItem\",\"position\":3,\"name\":\"Matelas \u00e0 ressorts Le Supreme\"}]},{\"@type\":\"WebSite\",\"@id\":\"https:\\\/\\\/matelaspersonnel.com\\\/#website\",\"url\":\"https:\\\/\\\/matelaspersonnel.com\\\/\",\"name\":\"Matelas Personnel\",\"description\":\"\",\"publisher\":{\"@id\":\"https:\\\/\\\/matelaspersonnel.com\\\/#organization\"},\"potentialAction\":[{\"@type\":\"SearchAction\",\"target\":{\"@type\":\"EntryPoint\",\"urlTemplate\":\"https:\\\/\\\/matelaspersonnel.com\\\/?s={search_term_string}\"},\"query-input\":{\"@type\":\"PropertyValueSpecification\",\"valueRequired\":true,\"valueName\":\"search_term_string\"}}],\"inLanguage\":\"en-CA\"},{\"@type\":\"Organization\",\"@id\":\"https:\\\/\\\/matelaspersonnel.com\\\/#organization\",\"name\":\"Matelas Personnel\",\"url\":\"https:\\\/\\\/matelaspersonnel.com\\\/\",\"logo\":{\"@type\":\"ImageObject\",\"inLanguage\":\"en-CA\",\"@id\":\"https:\\\/\\\/matelaspersonnel.com\\\/#\\\/schema\\\/logo\\\/image\\\/\",\"url\":\"https:\\\/\\\/matelaspersonnel.com\\\/wp-content\\\/uploads\\\/2025\\\/11\\\/Matelas-Personnel-Logo--e1764421185273.webp\",\"contentUrl\":\"https:\\\/\\\/matelaspersonnel.com\\\/wp-content\\\/uploads\\\/2025\\\/11\\\/Matelas-Personnel-Logo--e1764421185273.webp\",\"width\":1229,\"height\":363,\"caption\":\"Matelas Personnel\"},\"image\":{\"@id\":\"https:\\\/\\\/matelaspersonnel.com\\\/#\\\/schema\\\/logo\\\/image\\\/\"}}]}<\/script>\n<!-- \/ Yoast SEO plugin. -->","yoast_head_json":{"title":"Matelas Le Supreme | Matelas \u00e0 ressorts de luxe | Matelas Personnel","description":"Le matelas Le Supreme offre un confort de luxe, un soutien durable et une qualit\u00e9 sup\u00e9rieure. Disponible chez Matelas Personnel.","robots":{"index":"index","follow":"follow","max-snippet":"max-snippet:-1","max-image-preview":"max-image-preview:large","max-video-preview":"max-video-preview:-1"},"canonical":"https:\/\/matelaspersonnel.com\/en\/product\/matelas-a-ressorts-le-supreme\/","og_locale":"en_US","og_type":"article","og_title":"Matelas Le Supreme | Matelas \u00e0 ressorts de luxe | Matelas Personnel","og_description":"Le matelas Le Supreme offre un confort de luxe, un soutien durable et une qualit\u00e9 sup\u00e9rieure. Disponible chez Matelas Personnel.","og_url":"https:\/\/matelaspersonnel.com\/en\/product\/matelas-a-ressorts-le-supreme\/","og_site_name":"Matelas Personnel","article_modified_time":"2026-05-10T07:09:38+00:00","twitter_card":"summary_large_image","twitter_misc":{"Est. reading time":"1 minute"},"schema":{"@context":"https:\/\/schema.org","@graph":[{"@type":"WebPage","@id":"https:\/\/matelaspersonnel.com\/produit\/matelas-a-ressorts-le-supreme\/","url":"https:\/\/matelaspersonnel.com\/produit\/matelas-a-ressorts-le-supreme\/","name":"Matelas Le Supreme | Matelas \u00e0 ressorts de luxe | Matelas Personnel","isPartOf":{"@id":"https:\/\/matelaspersonnel.com\/#website"},"primaryImageOfPage":{"@id":"https:\/\/matelaspersonnel.com\/produit\/matelas-a-ressorts-le-supreme\/#primaryimage"},"image":{"@id":"https:\/\/matelaspersonnel.com\/produit\/matelas-a-ressorts-le-supreme\/#primaryimage"},"thumbnailUrl":"https:\/\/matelaspersonnel.com\/wp-content\/uploads\/2026\/05\/Le-Supreme-Matelas-Personnel.01.webp","datePublished":"2026-05-08T11:55:49+00:00","dateModified":"2026-05-10T07:09:38+00:00","description":"Le matelas Le Supreme offre un confort de luxe, un soutien durable et une qualit\u00e9 sup\u00e9rieure. Disponible chez Matelas Personnel.","breadcrumb":{"@id":"https:\/\/matelaspersonnel.com\/produit\/matelas-a-ressorts-le-supreme\/#breadcrumb"},"inLanguage":"en-CA","potentialAction":[{"@type":"ReadAction","target":["https:\/\/matelaspersonnel.com\/produit\/matelas-a-ressorts-le-supreme\/"]}]},{"@type":"ImageObject","inLanguage":"en-CA","@id":"https:\/\/matelaspersonnel.com\/produit\/matelas-a-ressorts-le-supreme\/#primaryimage","url":"https:\/\/matelaspersonnel.com\/wp-content\/uploads\/2026\/05\/Le-Supreme-Matelas-Personnel.01.webp","contentUrl":"https:\/\/matelaspersonnel.com\/wp-content\/uploads\/2026\/05\/Le-Supreme-Matelas-Personnel.01.webp","width":1536,"height":1024,"caption":"Matelas \u00e0 ressorts Le Supreme - Matelas Personnel"},{"@type":"BreadcrumbList","@id":"https:\/\/matelaspersonnel.com\/produit\/matelas-a-ressorts-le-supreme\/#breadcrumb","itemListElement":[{"@type":"ListItem","position":1,"name":"Accueil","item":"https:\/\/matelaspersonnel.com\/"},{"@type":"ListItem","position":2,"name":"Boutique","item":"https:\/\/matelaspersonnel.com\/boutique\/"},{"@type":"ListItem","position":3,"name":"Matelas \u00e0 ressorts Le Supreme"}]},{"@type":"WebSite","@id":"https:\/\/matelaspersonnel.com\/#website","url":"https:\/\/matelaspersonnel.com\/","name":"Matelas Personnel","description":"","publisher":{"@id":"https:\/\/matelaspersonnel.com\/#organization"},"potentialAction":[{"@type":"SearchAction","target":{"@type":"EntryPoint","urlTemplate":"https:\/\/matelaspersonnel.com\/?s={search_term_string}"},"query-input":{"@type":"PropertyValueSpecification","valueRequired":true,"valueName":"search_term_string"}}],"inLanguage":"en-CA"},{"@type":"Organization","@id":"https:\/\/matelaspersonnel.com\/#organization","name":"Matelas Personnel","url":"https:\/\/matelaspersonnel.com\/","logo":{"@type":"ImageObject","inLanguage":"en-CA","@id":"https:\/\/matelaspersonnel.com\/#\/schema\/logo\/image\/","url":"https:\/\/matelaspersonnel.com\/wp-content\/uploads\/2025\/11\/Matelas-Personnel-Logo--e1764421185273.webp","contentUrl":"https:\/\/matelaspersonnel.com\/wp-content\/uploads\/2025\/11\/Matelas-Personnel-Logo--e1764421185273.webp","width":1229,"height":363,"caption":"Matelas Personnel"},"image":{"@id":"https:\/\/matelaspersonnel.com\/#\/schema\/logo\/image\/"}}]}},"_links":{"self":[{"href":"https:\/\/matelaspersonnel.com\/en\/wp-json\/wp\/v2\/product\/1134","targetHints":{"allow":["GET"]}}],"collection":[{"href":"https:\/\/matelaspersonnel.com\/en\/wp-json\/wp\/v2\/product"}],"about":[{"href":"https:\/\/matelaspersonnel.com\/en\/wp-json\/wp\/v2\/types\/product"}],"replies":[{"embeddable":true,"href":"https:\/\/matelaspersonnel.com\/en\/wp-json\/wp\/v2\/comments?post=1134"}],"wp:featuredmedia":[{"embeddable":true,"href":"https:\/\/matelaspersonnel.com\/en\/wp-json\/wp\/v2\/media\/1173"}],"wp:attachment":[{"href":"https:\/\/matelaspersonnel.com\/en\/wp-json\/wp\/v2\/media?parent=1134"}],"wp:term":[{"taxonomy":"product_brand","embeddable":true,"href":"https:\/\/matelaspersonnel.com\/en\/wp-json\/wp\/v2\/product_brand?post=1134"},{"taxonomy":"product_cat","embeddable":true,"href":"https:\/\/matelaspersonnel.com\/en\/wp-json\/wp\/v2\/product_cat?post=1134"},{"taxonomy":"product_tag","embeddable":true,"href":"https:\/\/matelaspersonnel.com\/en\/wp-json\/wp\/v2\/product_tag?post=1134"}],"curies":[{"name":"wp","href":"https:\/\/api.w.org\/{rel}","templated":true}]}}