{"id":1125,"date":"2026-05-08T07:55:26","date_gmt":"2026-05-08T11:55:26","guid":{"rendered":"https:\/\/matelaspersonnel.com\/produit\/matelas-a-ressorts-summum\/"},"modified":"2026-05-10T03:10:09","modified_gmt":"2026-05-10T07:10:09","slug":"matelas-a-ressorts-summum","status":"publish","type":"product","link":"https:\/\/matelaspersonnel.com\/en\/product\/matelas-a-ressorts-summum\/","title":{"rendered":"Matelas \u00e0 ressorts Summum"},"content":{"rendered":"<p>Le matelas \u00e0 ressorts Summum est con\u00e7u pour les clients qui recherchent un niveau sup\u00e9rieur de confort dans un matelas \u00e0 ressorts. Il combine une structure de soutien stable avec une surface de sommeil plus confortable et plus raffin\u00e9e.<\/p>\n<p>Disponible en version deux faces ou une face, le Summum convient parfaitement aux chambres principales et aux clients qui souhaitent un matelas durable avec une sensation plus haut de gamme.<\/p>\n<h3>Points forts<\/h3>\n<ul>\n<li>Matelas \u00e0 ressorts haut de gamme<\/li>\n<li>Excellent soutien<\/li>\n<li>Confort durable<\/li>\n<li>Disponible en deux faces ou une face<\/li>\n<li>Id\u00e9al pour une chambre principale<\/li>\n<li>Disponible en formats Simple, Double, Queen et King<\/li>\n<\/ul>\n<h3>Avantages Matelas Personnel<\/h3>\n<ul>\n<li>Fabriqu\u00e9 au Qu\u00e9bec<\/li>\n<li>Prix direct du fabricant<\/li>\n<li>Livraison locale disponible<\/li>\n<li>Confort durable<\/li>\n<li>Fabrication de qualit\u00e9<\/li>\n<\/ul>","protected":false},"excerpt":{"rendered":"<p>Le matelas Summum est un matelas \u00e0 ressorts haut de gamme offrant un excellent confort, un soutien durable et une finition de qualit\u00e9.<\/p>","protected":false},"featured_media":1176,"comment_status":"open","ping_status":"closed","template":"","meta":[],"product_brand":[],"product_cat":[33],"product_tag":[38,39,36,37,40],"class_list":{"0":"post-1125","1":"product","2":"type-product","3":"status-publish","4":"has-post-thumbnail","6":"product_cat-matelas-a-ressorts","7":"product_tag-fabrique-au-quebec","8":"product_tag-livraison-locale","9":"product_tag-matelas","10":"product_tag-matelas-personnel","11":"product_tag-prix-direct-du-fabricant","13":"first","14":"instock","15":"taxable","16":"shipping-taxable","17":"purchasable","18":"product-type-variable"},"yoast_head":"<!-- This site is optimized with the Yoast SEO plugin v27.5 - https:\/\/yoast.com\/product\/yoast-seo-wordpress\/ -->\n<title>Matelas \u00e0 ressorts Summum | Haut de gamme | Matelas Personnel<\/title>\n<meta name=\"description\" content=\"D\u00e9couvrez le matelas Summum de Matelas Personnel. Un matelas \u00e0 ressorts haut de gamme avec confort durable et soutien sup\u00e9rieur.\" \/>\n<meta name=\"robots\" content=\"index, follow, max-snippet:-1, max-image-preview:large, max-video-preview:-1\" \/>\n<link rel=\"canonical\" href=\"https:\/\/matelaspersonnel.com\/en\/product\/matelas-a-ressorts-summum\/\" \/>\n<meta property=\"og:locale\" content=\"en_US\" \/>\n<meta property=\"og:type\" content=\"article\" \/>\n<meta property=\"og:title\" content=\"Matelas \u00e0 ressorts Summum | Haut de gamme | Matelas Personnel\" \/>\n<meta property=\"og:description\" content=\"D\u00e9couvrez le matelas Summum de Matelas Personnel. Un matelas \u00e0 ressorts haut de gamme avec confort durable et soutien sup\u00e9rieur.\" \/>\n<meta property=\"og:url\" content=\"https:\/\/matelaspersonnel.com\/en\/product\/matelas-a-ressorts-summum\/\" \/>\n<meta property=\"og:site_name\" content=\"Matelas Personnel\" \/>\n<meta property=\"article:modified_time\" content=\"2026-05-10T07:10:09+00:00\" \/>\n<meta name=\"twitter:card\" content=\"summary_large_image\" \/>\n<meta name=\"twitter:label1\" content=\"Est. reading time\" \/>\n\t<meta name=\"twitter:data1\" content=\"1 minute\" \/>\n<script type=\"application\/ld+json\" class=\"yoast-schema-graph\">{\"@context\":\"https:\\\/\\\/schema.org\",\"@graph\":[{\"@type\":\"WebPage\",\"@id\":\"https:\\\/\\\/matelaspersonnel.com\\\/produit\\\/matelas-a-ressorts-summum\\\/\",\"url\":\"https:\\\/\\\/matelaspersonnel.com\\\/produit\\\/matelas-a-ressorts-summum\\\/\",\"name\":\"Matelas \u00e0 ressorts Summum | Haut de gamme | Matelas Personnel\",\"isPartOf\":{\"@id\":\"https:\\\/\\\/matelaspersonnel.com\\\/#website\"},\"primaryImageOfPage\":{\"@id\":\"https:\\\/\\\/matelaspersonnel.com\\\/produit\\\/matelas-a-ressorts-summum\\\/#primaryimage\"},\"image\":{\"@id\":\"https:\\\/\\\/matelaspersonnel.com\\\/produit\\\/matelas-a-ressorts-summum\\\/#primaryimage\"},\"thumbnailUrl\":\"https:\\\/\\\/matelaspersonnel.com\\\/wp-content\\\/uploads\\\/2026\\\/05\\\/Summum-Matelas-Personnel.01.webp\",\"datePublished\":\"2026-05-08T11:55:26+00:00\",\"dateModified\":\"2026-05-10T07:10:09+00:00\",\"description\":\"D\u00e9couvrez le matelas Summum de Matelas Personnel. Un matelas \u00e0 ressorts haut de gamme avec confort durable et soutien sup\u00e9rieur.\",\"breadcrumb\":{\"@id\":\"https:\\\/\\\/matelaspersonnel.com\\\/produit\\\/matelas-a-ressorts-summum\\\/#breadcrumb\"},\"inLanguage\":\"en-CA\",\"potentialAction\":[{\"@type\":\"ReadAction\",\"target\":[\"https:\\\/\\\/matelaspersonnel.com\\\/produit\\\/matelas-a-ressorts-summum\\\/\"]}]},{\"@type\":\"ImageObject\",\"inLanguage\":\"en-CA\",\"@id\":\"https:\\\/\\\/matelaspersonnel.com\\\/produit\\\/matelas-a-ressorts-summum\\\/#primaryimage\",\"url\":\"https:\\\/\\\/matelaspersonnel.com\\\/wp-content\\\/uploads\\\/2026\\\/05\\\/Summum-Matelas-Personnel.01.webp\",\"contentUrl\":\"https:\\\/\\\/matelaspersonnel.com\\\/wp-content\\\/uploads\\\/2026\\\/05\\\/Summum-Matelas-Personnel.01.webp\",\"width\":1536,\"height\":1024,\"caption\":\"Matelas \u00e0 ressorts Summum - Matelas Personnel\"},{\"@type\":\"BreadcrumbList\",\"@id\":\"https:\\\/\\\/matelaspersonnel.com\\\/produit\\\/matelas-a-ressorts-summum\\\/#breadcrumb\",\"itemListElement\":[{\"@type\":\"ListItem\",\"position\":1,\"name\":\"Accueil\",\"item\":\"https:\\\/\\\/matelaspersonnel.com\\\/\"},{\"@type\":\"ListItem\",\"position\":2,\"name\":\"Boutique\",\"item\":\"https:\\\/\\\/matelaspersonnel.com\\\/boutique\\\/\"},{\"@type\":\"ListItem\",\"position\":3,\"name\":\"Matelas \u00e0 ressorts Summum\"}]},{\"@type\":\"WebSite\",\"@id\":\"https:\\\/\\\/matelaspersonnel.com\\\/#website\",\"url\":\"https:\\\/\\\/matelaspersonnel.com\\\/\",\"name\":\"Matelas Personnel\",\"description\":\"\",\"publisher\":{\"@id\":\"https:\\\/\\\/matelaspersonnel.com\\\/#organization\"},\"potentialAction\":[{\"@type\":\"SearchAction\",\"target\":{\"@type\":\"EntryPoint\",\"urlTemplate\":\"https:\\\/\\\/matelaspersonnel.com\\\/?s={search_term_string}\"},\"query-input\":{\"@type\":\"PropertyValueSpecification\",\"valueRequired\":true,\"valueName\":\"search_term_string\"}}],\"inLanguage\":\"en-CA\"},{\"@type\":\"Organization\",\"@id\":\"https:\\\/\\\/matelaspersonnel.com\\\/#organization\",\"name\":\"Matelas Personnel\",\"url\":\"https:\\\/\\\/matelaspersonnel.com\\\/\",\"logo\":{\"@type\":\"ImageObject\",\"inLanguage\":\"en-CA\",\"@id\":\"https:\\\/\\\/matelaspersonnel.com\\\/#\\\/schema\\\/logo\\\/image\\\/\",\"url\":\"https:\\\/\\\/matelaspersonnel.com\\\/wp-content\\\/uploads\\\/2025\\\/11\\\/Matelas-Personnel-Logo--e1764421185273.webp\",\"contentUrl\":\"https:\\\/\\\/matelaspersonnel.com\\\/wp-content\\\/uploads\\\/2025\\\/11\\\/Matelas-Personnel-Logo--e1764421185273.webp\",\"width\":1229,\"height\":363,\"caption\":\"Matelas Personnel\"},\"image\":{\"@id\":\"https:\\\/\\\/matelaspersonnel.com\\\/#\\\/schema\\\/logo\\\/image\\\/\"}}]}<\/script>\n<!-- \/ Yoast SEO plugin. -->","yoast_head_json":{"title":"Matelas \u00e0 ressorts Summum | Haut de gamme | Matelas Personnel","description":"D\u00e9couvrez le matelas Summum de Matelas Personnel. Un matelas \u00e0 ressorts haut de gamme avec confort durable et soutien sup\u00e9rieur.","robots":{"index":"index","follow":"follow","max-snippet":"max-snippet:-1","max-image-preview":"max-image-preview:large","max-video-preview":"max-video-preview:-1"},"canonical":"https:\/\/matelaspersonnel.com\/en\/product\/matelas-a-ressorts-summum\/","og_locale":"en_US","og_type":"article","og_title":"Matelas \u00e0 ressorts Summum | Haut de gamme | Matelas Personnel","og_description":"D\u00e9couvrez le matelas Summum de Matelas Personnel. Un matelas \u00e0 ressorts haut de gamme avec confort durable et soutien sup\u00e9rieur.","og_url":"https:\/\/matelaspersonnel.com\/en\/product\/matelas-a-ressorts-summum\/","og_site_name":"Matelas Personnel","article_modified_time":"2026-05-10T07:10:09+00:00","twitter_card":"summary_large_image","twitter_misc":{"Est. reading time":"1 minute"},"schema":{"@context":"https:\/\/schema.org","@graph":[{"@type":"WebPage","@id":"https:\/\/matelaspersonnel.com\/produit\/matelas-a-ressorts-summum\/","url":"https:\/\/matelaspersonnel.com\/produit\/matelas-a-ressorts-summum\/","name":"Matelas \u00e0 ressorts Summum | Haut de gamme | Matelas Personnel","isPartOf":{"@id":"https:\/\/matelaspersonnel.com\/#website"},"primaryImageOfPage":{"@id":"https:\/\/matelaspersonnel.com\/produit\/matelas-a-ressorts-summum\/#primaryimage"},"image":{"@id":"https:\/\/matelaspersonnel.com\/produit\/matelas-a-ressorts-summum\/#primaryimage"},"thumbnailUrl":"https:\/\/matelaspersonnel.com\/wp-content\/uploads\/2026\/05\/Summum-Matelas-Personnel.01.webp","datePublished":"2026-05-08T11:55:26+00:00","dateModified":"2026-05-10T07:10:09+00:00","description":"D\u00e9couvrez le matelas Summum de Matelas Personnel. Un matelas \u00e0 ressorts haut de gamme avec confort durable et soutien sup\u00e9rieur.","breadcrumb":{"@id":"https:\/\/matelaspersonnel.com\/produit\/matelas-a-ressorts-summum\/#breadcrumb"},"inLanguage":"en-CA","potentialAction":[{"@type":"ReadAction","target":["https:\/\/matelaspersonnel.com\/produit\/matelas-a-ressorts-summum\/"]}]},{"@type":"ImageObject","inLanguage":"en-CA","@id":"https:\/\/matelaspersonnel.com\/produit\/matelas-a-ressorts-summum\/#primaryimage","url":"https:\/\/matelaspersonnel.com\/wp-content\/uploads\/2026\/05\/Summum-Matelas-Personnel.01.webp","contentUrl":"https:\/\/matelaspersonnel.com\/wp-content\/uploads\/2026\/05\/Summum-Matelas-Personnel.01.webp","width":1536,"height":1024,"caption":"Matelas \u00e0 ressorts Summum - Matelas Personnel"},{"@type":"BreadcrumbList","@id":"https:\/\/matelaspersonnel.com\/produit\/matelas-a-ressorts-summum\/#breadcrumb","itemListElement":[{"@type":"ListItem","position":1,"name":"Accueil","item":"https:\/\/matelaspersonnel.com\/"},{"@type":"ListItem","position":2,"name":"Boutique","item":"https:\/\/matelaspersonnel.com\/boutique\/"},{"@type":"ListItem","position":3,"name":"Matelas \u00e0 ressorts Summum"}]},{"@type":"WebSite","@id":"https:\/\/matelaspersonnel.com\/#website","url":"https:\/\/matelaspersonnel.com\/","name":"Matelas Personnel","description":"","publisher":{"@id":"https:\/\/matelaspersonnel.com\/#organization"},"potentialAction":[{"@type":"SearchAction","target":{"@type":"EntryPoint","urlTemplate":"https:\/\/matelaspersonnel.com\/?s={search_term_string}"},"query-input":{"@type":"PropertyValueSpecification","valueRequired":true,"valueName":"search_term_string"}}],"inLanguage":"en-CA"},{"@type":"Organization","@id":"https:\/\/matelaspersonnel.com\/#organization","name":"Matelas Personnel","url":"https:\/\/matelaspersonnel.com\/","logo":{"@type":"ImageObject","inLanguage":"en-CA","@id":"https:\/\/matelaspersonnel.com\/#\/schema\/logo\/image\/","url":"https:\/\/matelaspersonnel.com\/wp-content\/uploads\/2025\/11\/Matelas-Personnel-Logo--e1764421185273.webp","contentUrl":"https:\/\/matelaspersonnel.com\/wp-content\/uploads\/2025\/11\/Matelas-Personnel-Logo--e1764421185273.webp","width":1229,"height":363,"caption":"Matelas Personnel"},"image":{"@id":"https:\/\/matelaspersonnel.com\/#\/schema\/logo\/image\/"}}]}},"_links":{"self":[{"href":"https:\/\/matelaspersonnel.com\/en\/wp-json\/wp\/v2\/product\/1125","targetHints":{"allow":["GET"]}}],"collection":[{"href":"https:\/\/matelaspersonnel.com\/en\/wp-json\/wp\/v2\/product"}],"about":[{"href":"https:\/\/matelaspersonnel.com\/en\/wp-json\/wp\/v2\/types\/product"}],"replies":[{"embeddable":true,"href":"https:\/\/matelaspersonnel.com\/en\/wp-json\/wp\/v2\/comments?post=1125"}],"wp:featuredmedia":[{"embeddable":true,"href":"https:\/\/matelaspersonnel.com\/en\/wp-json\/wp\/v2\/media\/1176"}],"wp:attachment":[{"href":"https:\/\/matelaspersonnel.com\/en\/wp-json\/wp\/v2\/media?parent=1125"}],"wp:term":[{"taxonomy":"product_brand","embeddable":true,"href":"https:\/\/matelaspersonnel.com\/en\/wp-json\/wp\/v2\/product_brand?post=1125"},{"taxonomy":"product_cat","embeddable":true,"href":"https:\/\/matelaspersonnel.com\/en\/wp-json\/wp\/v2\/product_cat?post=1125"},{"taxonomy":"product_tag","embeddable":true,"href":"https:\/\/matelaspersonnel.com\/en\/wp-json\/wp\/v2\/product_tag?post=1125"}],"curies":[{"name":"wp","href":"https:\/\/api.w.org\/{rel}","templated":true}]}}