{"id":1094,"date":"2026-05-08T07:54:10","date_gmt":"2026-05-08T11:54:10","guid":{"rendered":"https:\/\/matelaspersonnel.com\/produit\/matelas-en-mousse-lultime\/"},"modified":"2026-05-10T03:11:09","modified_gmt":"2026-05-10T07:11:09","slug":"matelas-en-mousse-lultime","status":"publish","type":"product","link":"https:\/\/matelaspersonnel.com\/en\/product\/matelas-en-mousse-lultime\/","title":{"rendered":"Matelas en mousse L\u2019ultime"},"content":{"rendered":"<p>Le matelas en mousse L\u2019ultime est con\u00e7u pour les clients qui recherchent le meilleur niveau de confort offert dans la collection en mousse. Sa construction haut de gamme procure une sensation luxueuse, un soutien pr\u00e9cis et une excellente durabilit\u00e9.<\/p>\n<p>Ce mod\u00e8le est id\u00e9al pour une chambre principale et pour les clients qui veulent investir dans un matelas de qualit\u00e9 sup\u00e9rieure. Disponible en version deux faces ou une face, L\u2019ultime offre une exp\u00e9rience de sommeil raffin\u00e9e et durable.<\/p>\n<h3>Points forts<\/h3>\n<ul>\n<li>Mod\u00e8le haut de gamme de la collection en mousse<\/li>\n<li>Confort luxueux<\/li>\n<li>Soutien pr\u00e9cis et durable<\/li>\n<li>Disponible en deux faces ou une face<\/li>\n<li>Id\u00e9al pour une chambre principale<\/li>\n<li>Disponible en formats Simple, Double, Queen et King<\/li>\n<\/ul>\n<h3>Avantages Matelas Personnel<\/h3>\n<ul>\n<li>Fabriqu\u00e9 au Qu\u00e9bec<\/li>\n<li>Prix direct du fabricant<\/li>\n<li>Livraison locale disponible<\/li>\n<li>Confort durable<\/li>\n<li>Fabrication de qualit\u00e9<\/li>\n<\/ul>","protected":false},"excerpt":{"rendered":"<p>Le matelas L\u2019ultime repr\u00e9sente le niveau le plus \u00e9lev\u00e9 de confort en mousse, con\u00e7u pour une exp\u00e9rience de sommeil luxueuse et durable.<\/p>","protected":false},"featured_media":1182,"comment_status":"open","ping_status":"closed","template":"","meta":[],"product_brand":[],"product_cat":[32],"product_tag":[38,39,36,37,40],"class_list":{"0":"post-1094","1":"product","2":"type-product","3":"status-publish","4":"has-post-thumbnail","6":"product_cat-matelas-en-mousse","7":"product_tag-fabrique-au-quebec","8":"product_tag-livraison-locale","9":"product_tag-matelas","10":"product_tag-matelas-personnel","11":"product_tag-prix-direct-du-fabricant","13":"first","14":"instock","15":"taxable","16":"shipping-taxable","17":"purchasable","18":"product-type-variable"},"yoast_head":"<!-- This site is optimized with the Yoast SEO plugin v27.5 - https:\/\/yoast.com\/product\/yoast-seo-wordpress\/ -->\n<title>Matelas en mousse L\u2019ultime | Matelas de luxe | Matelas Personnel<\/title>\n<meta name=\"description\" content=\"D\u00e9couvrez le matelas L\u2019ultime de Matelas Personnel. Un matelas en mousse de luxe offrant confort sup\u00e9rieur, soutien et durabilit\u00e9.\" \/>\n<meta name=\"robots\" content=\"index, follow, max-snippet:-1, max-image-preview:large, max-video-preview:-1\" \/>\n<link rel=\"canonical\" href=\"https:\/\/matelaspersonnel.com\/en\/product\/matelas-en-mousse-lultime\/\" \/>\n<meta property=\"og:locale\" content=\"en_US\" \/>\n<meta property=\"og:type\" content=\"article\" \/>\n<meta property=\"og:title\" content=\"Matelas en mousse L\u2019ultime | Matelas de luxe | Matelas Personnel\" \/>\n<meta property=\"og:description\" content=\"D\u00e9couvrez le matelas L\u2019ultime de Matelas Personnel. Un matelas en mousse de luxe offrant confort sup\u00e9rieur, soutien et durabilit\u00e9.\" \/>\n<meta property=\"og:url\" content=\"https:\/\/matelaspersonnel.com\/en\/product\/matelas-en-mousse-lultime\/\" \/>\n<meta property=\"og:site_name\" content=\"Matelas Personnel\" \/>\n<meta property=\"article:modified_time\" content=\"2026-05-10T07:11:09+00:00\" \/>\n<meta name=\"twitter:card\" content=\"summary_large_image\" \/>\n<meta name=\"twitter:label1\" content=\"Est. reading time\" \/>\n\t<meta name=\"twitter:data1\" content=\"1 minute\" \/>\n<script type=\"application\/ld+json\" class=\"yoast-schema-graph\">{\"@context\":\"https:\\\/\\\/schema.org\",\"@graph\":[{\"@type\":\"WebPage\",\"@id\":\"https:\\\/\\\/matelaspersonnel.com\\\/produit\\\/matelas-en-mousse-lultime\\\/\",\"url\":\"https:\\\/\\\/matelaspersonnel.com\\\/produit\\\/matelas-en-mousse-lultime\\\/\",\"name\":\"Matelas en mousse L\u2019ultime | Matelas de luxe | Matelas Personnel\",\"isPartOf\":{\"@id\":\"https:\\\/\\\/matelaspersonnel.com\\\/#website\"},\"primaryImageOfPage\":{\"@id\":\"https:\\\/\\\/matelaspersonnel.com\\\/produit\\\/matelas-en-mousse-lultime\\\/#primaryimage\"},\"image\":{\"@id\":\"https:\\\/\\\/matelaspersonnel.com\\\/produit\\\/matelas-en-mousse-lultime\\\/#primaryimage\"},\"thumbnailUrl\":\"https:\\\/\\\/matelaspersonnel.com\\\/wp-content\\\/uploads\\\/2026\\\/05\\\/Lultime-Matelas-Personnel-01.webp\",\"datePublished\":\"2026-05-08T11:54:10+00:00\",\"dateModified\":\"2026-05-10T07:11:09+00:00\",\"description\":\"D\u00e9couvrez le matelas L\u2019ultime de Matelas Personnel. Un matelas en mousse de luxe offrant confort sup\u00e9rieur, soutien et durabilit\u00e9.\",\"breadcrumb\":{\"@id\":\"https:\\\/\\\/matelaspersonnel.com\\\/produit\\\/matelas-en-mousse-lultime\\\/#breadcrumb\"},\"inLanguage\":\"en-CA\",\"potentialAction\":[{\"@type\":\"ReadAction\",\"target\":[\"https:\\\/\\\/matelaspersonnel.com\\\/produit\\\/matelas-en-mousse-lultime\\\/\"]}]},{\"@type\":\"ImageObject\",\"inLanguage\":\"en-CA\",\"@id\":\"https:\\\/\\\/matelaspersonnel.com\\\/produit\\\/matelas-en-mousse-lultime\\\/#primaryimage\",\"url\":\"https:\\\/\\\/matelaspersonnel.com\\\/wp-content\\\/uploads\\\/2026\\\/05\\\/Lultime-Matelas-Personnel-01.webp\",\"contentUrl\":\"https:\\\/\\\/matelaspersonnel.com\\\/wp-content\\\/uploads\\\/2026\\\/05\\\/Lultime-Matelas-Personnel-01.webp\",\"width\":1536,\"height\":1024,\"caption\":\"Matelas en mousse L\u2019ultime - Matelas Personnel\"},{\"@type\":\"BreadcrumbList\",\"@id\":\"https:\\\/\\\/matelaspersonnel.com\\\/produit\\\/matelas-en-mousse-lultime\\\/#breadcrumb\",\"itemListElement\":[{\"@type\":\"ListItem\",\"position\":1,\"name\":\"Accueil\",\"item\":\"https:\\\/\\\/matelaspersonnel.com\\\/\"},{\"@type\":\"ListItem\",\"position\":2,\"name\":\"Boutique\",\"item\":\"https:\\\/\\\/matelaspersonnel.com\\\/boutique\\\/\"},{\"@type\":\"ListItem\",\"position\":3,\"name\":\"Matelas en mousse L\u2019ultime\"}]},{\"@type\":\"WebSite\",\"@id\":\"https:\\\/\\\/matelaspersonnel.com\\\/#website\",\"url\":\"https:\\\/\\\/matelaspersonnel.com\\\/\",\"name\":\"Matelas Personnel\",\"description\":\"\",\"publisher\":{\"@id\":\"https:\\\/\\\/matelaspersonnel.com\\\/#organization\"},\"potentialAction\":[{\"@type\":\"SearchAction\",\"target\":{\"@type\":\"EntryPoint\",\"urlTemplate\":\"https:\\\/\\\/matelaspersonnel.com\\\/?s={search_term_string}\"},\"query-input\":{\"@type\":\"PropertyValueSpecification\",\"valueRequired\":true,\"valueName\":\"search_term_string\"}}],\"inLanguage\":\"en-CA\"},{\"@type\":\"Organization\",\"@id\":\"https:\\\/\\\/matelaspersonnel.com\\\/#organization\",\"name\":\"Matelas Personnel\",\"url\":\"https:\\\/\\\/matelaspersonnel.com\\\/\",\"logo\":{\"@type\":\"ImageObject\",\"inLanguage\":\"en-CA\",\"@id\":\"https:\\\/\\\/matelaspersonnel.com\\\/#\\\/schema\\\/logo\\\/image\\\/\",\"url\":\"https:\\\/\\\/matelaspersonnel.com\\\/wp-content\\\/uploads\\\/2025\\\/11\\\/Matelas-Personnel-Logo--e1764421185273.webp\",\"contentUrl\":\"https:\\\/\\\/matelaspersonnel.com\\\/wp-content\\\/uploads\\\/2025\\\/11\\\/Matelas-Personnel-Logo--e1764421185273.webp\",\"width\":1229,\"height\":363,\"caption\":\"Matelas Personnel\"},\"image\":{\"@id\":\"https:\\\/\\\/matelaspersonnel.com\\\/#\\\/schema\\\/logo\\\/image\\\/\"}}]}<\/script>\n<!-- \/ Yoast SEO plugin. -->","yoast_head_json":{"title":"Matelas en mousse L\u2019ultime | Matelas de luxe | Matelas Personnel","description":"D\u00e9couvrez le matelas L\u2019ultime de Matelas Personnel. Un matelas en mousse de luxe offrant confort sup\u00e9rieur, soutien et durabilit\u00e9.","robots":{"index":"index","follow":"follow","max-snippet":"max-snippet:-1","max-image-preview":"max-image-preview:large","max-video-preview":"max-video-preview:-1"},"canonical":"https:\/\/matelaspersonnel.com\/en\/product\/matelas-en-mousse-lultime\/","og_locale":"en_US","og_type":"article","og_title":"Matelas en mousse L\u2019ultime | Matelas de luxe | Matelas Personnel","og_description":"D\u00e9couvrez le matelas L\u2019ultime de Matelas Personnel. Un matelas en mousse de luxe offrant confort sup\u00e9rieur, soutien et durabilit\u00e9.","og_url":"https:\/\/matelaspersonnel.com\/en\/product\/matelas-en-mousse-lultime\/","og_site_name":"Matelas Personnel","article_modified_time":"2026-05-10T07:11:09+00:00","twitter_card":"summary_large_image","twitter_misc":{"Est. reading time":"1 minute"},"schema":{"@context":"https:\/\/schema.org","@graph":[{"@type":"WebPage","@id":"https:\/\/matelaspersonnel.com\/produit\/matelas-en-mousse-lultime\/","url":"https:\/\/matelaspersonnel.com\/produit\/matelas-en-mousse-lultime\/","name":"Matelas en mousse L\u2019ultime | Matelas de luxe | Matelas Personnel","isPartOf":{"@id":"https:\/\/matelaspersonnel.com\/#website"},"primaryImageOfPage":{"@id":"https:\/\/matelaspersonnel.com\/produit\/matelas-en-mousse-lultime\/#primaryimage"},"image":{"@id":"https:\/\/matelaspersonnel.com\/produit\/matelas-en-mousse-lultime\/#primaryimage"},"thumbnailUrl":"https:\/\/matelaspersonnel.com\/wp-content\/uploads\/2026\/05\/Lultime-Matelas-Personnel-01.webp","datePublished":"2026-05-08T11:54:10+00:00","dateModified":"2026-05-10T07:11:09+00:00","description":"D\u00e9couvrez le matelas L\u2019ultime de Matelas Personnel. Un matelas en mousse de luxe offrant confort sup\u00e9rieur, soutien et durabilit\u00e9.","breadcrumb":{"@id":"https:\/\/matelaspersonnel.com\/produit\/matelas-en-mousse-lultime\/#breadcrumb"},"inLanguage":"en-CA","potentialAction":[{"@type":"ReadAction","target":["https:\/\/matelaspersonnel.com\/produit\/matelas-en-mousse-lultime\/"]}]},{"@type":"ImageObject","inLanguage":"en-CA","@id":"https:\/\/matelaspersonnel.com\/produit\/matelas-en-mousse-lultime\/#primaryimage","url":"https:\/\/matelaspersonnel.com\/wp-content\/uploads\/2026\/05\/Lultime-Matelas-Personnel-01.webp","contentUrl":"https:\/\/matelaspersonnel.com\/wp-content\/uploads\/2026\/05\/Lultime-Matelas-Personnel-01.webp","width":1536,"height":1024,"caption":"Matelas en mousse L\u2019ultime - Matelas Personnel"},{"@type":"BreadcrumbList","@id":"https:\/\/matelaspersonnel.com\/produit\/matelas-en-mousse-lultime\/#breadcrumb","itemListElement":[{"@type":"ListItem","position":1,"name":"Accueil","item":"https:\/\/matelaspersonnel.com\/"},{"@type":"ListItem","position":2,"name":"Boutique","item":"https:\/\/matelaspersonnel.com\/boutique\/"},{"@type":"ListItem","position":3,"name":"Matelas en mousse L\u2019ultime"}]},{"@type":"WebSite","@id":"https:\/\/matelaspersonnel.com\/#website","url":"https:\/\/matelaspersonnel.com\/","name":"Matelas Personnel","description":"","publisher":{"@id":"https:\/\/matelaspersonnel.com\/#organization"},"potentialAction":[{"@type":"SearchAction","target":{"@type":"EntryPoint","urlTemplate":"https:\/\/matelaspersonnel.com\/?s={search_term_string}"},"query-input":{"@type":"PropertyValueSpecification","valueRequired":true,"valueName":"search_term_string"}}],"inLanguage":"en-CA"},{"@type":"Organization","@id":"https:\/\/matelaspersonnel.com\/#organization","name":"Matelas Personnel","url":"https:\/\/matelaspersonnel.com\/","logo":{"@type":"ImageObject","inLanguage":"en-CA","@id":"https:\/\/matelaspersonnel.com\/#\/schema\/logo\/image\/","url":"https:\/\/matelaspersonnel.com\/wp-content\/uploads\/2025\/11\/Matelas-Personnel-Logo--e1764421185273.webp","contentUrl":"https:\/\/matelaspersonnel.com\/wp-content\/uploads\/2025\/11\/Matelas-Personnel-Logo--e1764421185273.webp","width":1229,"height":363,"caption":"Matelas Personnel"},"image":{"@id":"https:\/\/matelaspersonnel.com\/#\/schema\/logo\/image\/"}}]}},"_links":{"self":[{"href":"https:\/\/matelaspersonnel.com\/en\/wp-json\/wp\/v2\/product\/1094","targetHints":{"allow":["GET"]}}],"collection":[{"href":"https:\/\/matelaspersonnel.com\/en\/wp-json\/wp\/v2\/product"}],"about":[{"href":"https:\/\/matelaspersonnel.com\/en\/wp-json\/wp\/v2\/types\/product"}],"replies":[{"embeddable":true,"href":"https:\/\/matelaspersonnel.com\/en\/wp-json\/wp\/v2\/comments?post=1094"}],"wp:featuredmedia":[{"embeddable":true,"href":"https:\/\/matelaspersonnel.com\/en\/wp-json\/wp\/v2\/media\/1182"}],"wp:attachment":[{"href":"https:\/\/matelaspersonnel.com\/en\/wp-json\/wp\/v2\/media?parent=1094"}],"wp:term":[{"taxonomy":"product_brand","embeddable":true,"href":"https:\/\/matelaspersonnel.com\/en\/wp-json\/wp\/v2\/product_brand?post=1094"},{"taxonomy":"product_cat","embeddable":true,"href":"https:\/\/matelaspersonnel.com\/en\/wp-json\/wp\/v2\/product_cat?post=1094"},{"taxonomy":"product_tag","embeddable":true,"href":"https:\/\/matelaspersonnel.com\/en\/wp-json\/wp\/v2\/product_tag?post=1094"}],"curies":[{"name":"wp","href":"https:\/\/api.w.org\/{rel}","templated":true}]}}