{"id":1085,"date":"2026-05-08T07:53:48","date_gmt":"2026-05-08T11:53:48","guid":{"rendered":"https:\/\/matelaspersonnel.com\/produit\/matelas-en-mousse-lucern-plus\/"},"modified":"2026-05-10T03:09:08","modified_gmt":"2026-05-10T07:09:08","slug":"matelas-en-mousse-lucern-plus","status":"publish","type":"product","link":"https:\/\/matelaspersonnel.com\/en\/product\/matelas-en-mousse-lucern-plus\/","title":{"rendered":"Matelas en mousse Lucern Plus"},"content":{"rendered":"<p>Le matelas Lucern Plus est con\u00e7u pour offrir une exp\u00e9rience de sommeil plus avanc\u00e9e, avec un confort sup\u00e9rieur et un soutien fiable. Sa construction en mousse aide \u00e0 soutenir le corps tout en procurant une sensation agr\u00e9able et stable.<\/p>\n<p>Ce mod\u00e8le est id\u00e9al pour les clients qui veulent un matelas de qualit\u00e9 sup\u00e9rieure pour un usage quotidien. Disponible en version deux faces ou une face, le Lucern Plus offre une solution flexible selon les pr\u00e9f\u00e9rences de confort et le budget.<\/p>\n<h3>Points forts<\/h3>\n<ul>\n<li>Mousse de qualit\u00e9 sup\u00e9rieure<\/li>\n<li>Tr\u00e8s bon soutien du corps<\/li>\n<li>Confort durable<\/li>\n<li>Disponible en deux faces ou une face<\/li>\n<li>Id\u00e9al pour une chambre principale<\/li>\n<li>Disponible en formats Simple, Double, Queen et King<\/li>\n<\/ul>\n<h3>Avantages Matelas Personnel<\/h3>\n<ul>\n<li>Fabriqu\u00e9 au Qu\u00e9bec<\/li>\n<li>Prix direct du fabricant<\/li>\n<li>Livraison locale disponible<\/li>\n<li>Confort durable<\/li>\n<li>Fabrication de qualit\u00e9<\/li>\n<\/ul>","protected":false},"excerpt":{"rendered":"<p>Le Lucern Plus est un matelas en mousse de qualit\u00e9 sup\u00e9rieure offrant un excellent \u00e9quilibre entre confort, soutien et durabilit\u00e9.<\/p>","protected":false},"featured_media":1170,"comment_status":"open","ping_status":"closed","template":"","meta":[],"product_brand":[],"product_cat":[32],"product_tag":[38,39,36,37,40],"class_list":{"0":"post-1085","1":"product","2":"type-product","3":"status-publish","4":"has-post-thumbnail","6":"product_cat-matelas-en-mousse","7":"product_tag-fabrique-au-quebec","8":"product_tag-livraison-locale","9":"product_tag-matelas","10":"product_tag-matelas-personnel","11":"product_tag-prix-direct-du-fabricant","13":"first","14":"instock","15":"taxable","16":"shipping-taxable","17":"purchasable","18":"product-type-variable"},"yoast_head":"<!-- This site is optimized with the Yoast SEO plugin v27.5 - https:\/\/yoast.com\/product\/yoast-seo-wordpress\/ -->\n<title>Matelas en mousse Lucern Plus | Confort sup\u00e9rieur | Matelas Personnel<\/title>\n<meta name=\"description\" content=\"Le matelas Lucern Plus offre un confort sup\u00e9rieur, un bon soutien et une construction durable. Disponible chez Matelas Personnel.\" \/>\n<meta name=\"robots\" content=\"index, follow, max-snippet:-1, max-image-preview:large, max-video-preview:-1\" \/>\n<link rel=\"canonical\" href=\"https:\/\/matelaspersonnel.com\/en\/product\/matelas-en-mousse-lucern-plus\/\" \/>\n<meta property=\"og:locale\" content=\"en_US\" \/>\n<meta property=\"og:type\" content=\"article\" \/>\n<meta property=\"og:title\" content=\"Matelas en mousse Lucern Plus | Confort sup\u00e9rieur | Matelas Personnel\" \/>\n<meta property=\"og:description\" content=\"Le matelas Lucern Plus offre un confort sup\u00e9rieur, un bon soutien et une construction durable. Disponible chez Matelas Personnel.\" \/>\n<meta property=\"og:url\" content=\"https:\/\/matelaspersonnel.com\/en\/product\/matelas-en-mousse-lucern-plus\/\" \/>\n<meta property=\"og:site_name\" content=\"Matelas Personnel\" \/>\n<meta property=\"article:modified_time\" content=\"2026-05-10T07:09:08+00:00\" \/>\n<meta name=\"twitter:card\" content=\"summary_large_image\" \/>\n<meta name=\"twitter:label1\" content=\"Est. reading time\" \/>\n\t<meta name=\"twitter:data1\" content=\"1 minute\" \/>\n<script type=\"application\/ld+json\" class=\"yoast-schema-graph\">{\"@context\":\"https:\\\/\\\/schema.org\",\"@graph\":[{\"@type\":\"WebPage\",\"@id\":\"https:\\\/\\\/matelaspersonnel.com\\\/produit\\\/matelas-en-mousse-lucern-plus\\\/\",\"url\":\"https:\\\/\\\/matelaspersonnel.com\\\/produit\\\/matelas-en-mousse-lucern-plus\\\/\",\"name\":\"Matelas en mousse Lucern Plus | Confort sup\u00e9rieur | Matelas Personnel\",\"isPartOf\":{\"@id\":\"https:\\\/\\\/matelaspersonnel.com\\\/#website\"},\"primaryImageOfPage\":{\"@id\":\"https:\\\/\\\/matelaspersonnel.com\\\/produit\\\/matelas-en-mousse-lucern-plus\\\/#primaryimage\"},\"image\":{\"@id\":\"https:\\\/\\\/matelaspersonnel.com\\\/produit\\\/matelas-en-mousse-lucern-plus\\\/#primaryimage\"},\"thumbnailUrl\":\"https:\\\/\\\/matelaspersonnel.com\\\/wp-content\\\/uploads\\\/2026\\\/05\\\/Lucern-Plus-Matelas-Personnel1.webp\",\"datePublished\":\"2026-05-08T11:53:48+00:00\",\"dateModified\":\"2026-05-10T07:09:08+00:00\",\"description\":\"Le matelas Lucern Plus offre un confort sup\u00e9rieur, un bon soutien et une construction durable. Disponible chez Matelas Personnel.\",\"breadcrumb\":{\"@id\":\"https:\\\/\\\/matelaspersonnel.com\\\/produit\\\/matelas-en-mousse-lucern-plus\\\/#breadcrumb\"},\"inLanguage\":\"en-CA\",\"potentialAction\":[{\"@type\":\"ReadAction\",\"target\":[\"https:\\\/\\\/matelaspersonnel.com\\\/produit\\\/matelas-en-mousse-lucern-plus\\\/\"]}]},{\"@type\":\"ImageObject\",\"inLanguage\":\"en-CA\",\"@id\":\"https:\\\/\\\/matelaspersonnel.com\\\/produit\\\/matelas-en-mousse-lucern-plus\\\/#primaryimage\",\"url\":\"https:\\\/\\\/matelaspersonnel.com\\\/wp-content\\\/uploads\\\/2026\\\/05\\\/Lucern-Plus-Matelas-Personnel1.webp\",\"contentUrl\":\"https:\\\/\\\/matelaspersonnel.com\\\/wp-content\\\/uploads\\\/2026\\\/05\\\/Lucern-Plus-Matelas-Personnel1.webp\",\"width\":1536,\"height\":1024,\"caption\":\"Matelas en mousse Lucern Plus - Matelas Personnel\"},{\"@type\":\"BreadcrumbList\",\"@id\":\"https:\\\/\\\/matelaspersonnel.com\\\/produit\\\/matelas-en-mousse-lucern-plus\\\/#breadcrumb\",\"itemListElement\":[{\"@type\":\"ListItem\",\"position\":1,\"name\":\"Accueil\",\"item\":\"https:\\\/\\\/matelaspersonnel.com\\\/\"},{\"@type\":\"ListItem\",\"position\":2,\"name\":\"Boutique\",\"item\":\"https:\\\/\\\/matelaspersonnel.com\\\/boutique\\\/\"},{\"@type\":\"ListItem\",\"position\":3,\"name\":\"Matelas en mousse Lucern Plus\"}]},{\"@type\":\"WebSite\",\"@id\":\"https:\\\/\\\/matelaspersonnel.com\\\/#website\",\"url\":\"https:\\\/\\\/matelaspersonnel.com\\\/\",\"name\":\"Matelas Personnel\",\"description\":\"\",\"publisher\":{\"@id\":\"https:\\\/\\\/matelaspersonnel.com\\\/#organization\"},\"potentialAction\":[{\"@type\":\"SearchAction\",\"target\":{\"@type\":\"EntryPoint\",\"urlTemplate\":\"https:\\\/\\\/matelaspersonnel.com\\\/?s={search_term_string}\"},\"query-input\":{\"@type\":\"PropertyValueSpecification\",\"valueRequired\":true,\"valueName\":\"search_term_string\"}}],\"inLanguage\":\"en-CA\"},{\"@type\":\"Organization\",\"@id\":\"https:\\\/\\\/matelaspersonnel.com\\\/#organization\",\"name\":\"Matelas Personnel\",\"url\":\"https:\\\/\\\/matelaspersonnel.com\\\/\",\"logo\":{\"@type\":\"ImageObject\",\"inLanguage\":\"en-CA\",\"@id\":\"https:\\\/\\\/matelaspersonnel.com\\\/#\\\/schema\\\/logo\\\/image\\\/\",\"url\":\"https:\\\/\\\/matelaspersonnel.com\\\/wp-content\\\/uploads\\\/2025\\\/11\\\/Matelas-Personnel-Logo--e1764421185273.webp\",\"contentUrl\":\"https:\\\/\\\/matelaspersonnel.com\\\/wp-content\\\/uploads\\\/2025\\\/11\\\/Matelas-Personnel-Logo--e1764421185273.webp\",\"width\":1229,\"height\":363,\"caption\":\"Matelas Personnel\"},\"image\":{\"@id\":\"https:\\\/\\\/matelaspersonnel.com\\\/#\\\/schema\\\/logo\\\/image\\\/\"}}]}<\/script>\n<!-- \/ Yoast SEO plugin. -->","yoast_head_json":{"title":"Matelas en mousse Lucern Plus | Confort sup\u00e9rieur | Matelas Personnel","description":"Le matelas Lucern Plus offre un confort sup\u00e9rieur, un bon soutien et une construction durable. Disponible chez Matelas Personnel.","robots":{"index":"index","follow":"follow","max-snippet":"max-snippet:-1","max-image-preview":"max-image-preview:large","max-video-preview":"max-video-preview:-1"},"canonical":"https:\/\/matelaspersonnel.com\/en\/product\/matelas-en-mousse-lucern-plus\/","og_locale":"en_US","og_type":"article","og_title":"Matelas en mousse Lucern Plus | Confort sup\u00e9rieur | Matelas Personnel","og_description":"Le matelas Lucern Plus offre un confort sup\u00e9rieur, un bon soutien et une construction durable. Disponible chez Matelas Personnel.","og_url":"https:\/\/matelaspersonnel.com\/en\/product\/matelas-en-mousse-lucern-plus\/","og_site_name":"Matelas Personnel","article_modified_time":"2026-05-10T07:09:08+00:00","twitter_card":"summary_large_image","twitter_misc":{"Est. reading time":"1 minute"},"schema":{"@context":"https:\/\/schema.org","@graph":[{"@type":"WebPage","@id":"https:\/\/matelaspersonnel.com\/produit\/matelas-en-mousse-lucern-plus\/","url":"https:\/\/matelaspersonnel.com\/produit\/matelas-en-mousse-lucern-plus\/","name":"Matelas en mousse Lucern Plus | Confort sup\u00e9rieur | Matelas Personnel","isPartOf":{"@id":"https:\/\/matelaspersonnel.com\/#website"},"primaryImageOfPage":{"@id":"https:\/\/matelaspersonnel.com\/produit\/matelas-en-mousse-lucern-plus\/#primaryimage"},"image":{"@id":"https:\/\/matelaspersonnel.com\/produit\/matelas-en-mousse-lucern-plus\/#primaryimage"},"thumbnailUrl":"https:\/\/matelaspersonnel.com\/wp-content\/uploads\/2026\/05\/Lucern-Plus-Matelas-Personnel1.webp","datePublished":"2026-05-08T11:53:48+00:00","dateModified":"2026-05-10T07:09:08+00:00","description":"Le matelas Lucern Plus offre un confort sup\u00e9rieur, un bon soutien et une construction durable. Disponible chez Matelas Personnel.","breadcrumb":{"@id":"https:\/\/matelaspersonnel.com\/produit\/matelas-en-mousse-lucern-plus\/#breadcrumb"},"inLanguage":"en-CA","potentialAction":[{"@type":"ReadAction","target":["https:\/\/matelaspersonnel.com\/produit\/matelas-en-mousse-lucern-plus\/"]}]},{"@type":"ImageObject","inLanguage":"en-CA","@id":"https:\/\/matelaspersonnel.com\/produit\/matelas-en-mousse-lucern-plus\/#primaryimage","url":"https:\/\/matelaspersonnel.com\/wp-content\/uploads\/2026\/05\/Lucern-Plus-Matelas-Personnel1.webp","contentUrl":"https:\/\/matelaspersonnel.com\/wp-content\/uploads\/2026\/05\/Lucern-Plus-Matelas-Personnel1.webp","width":1536,"height":1024,"caption":"Matelas en mousse Lucern Plus - Matelas Personnel"},{"@type":"BreadcrumbList","@id":"https:\/\/matelaspersonnel.com\/produit\/matelas-en-mousse-lucern-plus\/#breadcrumb","itemListElement":[{"@type":"ListItem","position":1,"name":"Accueil","item":"https:\/\/matelaspersonnel.com\/"},{"@type":"ListItem","position":2,"name":"Boutique","item":"https:\/\/matelaspersonnel.com\/boutique\/"},{"@type":"ListItem","position":3,"name":"Matelas en mousse Lucern Plus"}]},{"@type":"WebSite","@id":"https:\/\/matelaspersonnel.com\/#website","url":"https:\/\/matelaspersonnel.com\/","name":"Matelas Personnel","description":"","publisher":{"@id":"https:\/\/matelaspersonnel.com\/#organization"},"potentialAction":[{"@type":"SearchAction","target":{"@type":"EntryPoint","urlTemplate":"https:\/\/matelaspersonnel.com\/?s={search_term_string}"},"query-input":{"@type":"PropertyValueSpecification","valueRequired":true,"valueName":"search_term_string"}}],"inLanguage":"en-CA"},{"@type":"Organization","@id":"https:\/\/matelaspersonnel.com\/#organization","name":"Matelas Personnel","url":"https:\/\/matelaspersonnel.com\/","logo":{"@type":"ImageObject","inLanguage":"en-CA","@id":"https:\/\/matelaspersonnel.com\/#\/schema\/logo\/image\/","url":"https:\/\/matelaspersonnel.com\/wp-content\/uploads\/2025\/11\/Matelas-Personnel-Logo--e1764421185273.webp","contentUrl":"https:\/\/matelaspersonnel.com\/wp-content\/uploads\/2025\/11\/Matelas-Personnel-Logo--e1764421185273.webp","width":1229,"height":363,"caption":"Matelas Personnel"},"image":{"@id":"https:\/\/matelaspersonnel.com\/#\/schema\/logo\/image\/"}}]}},"_links":{"self":[{"href":"https:\/\/matelaspersonnel.com\/en\/wp-json\/wp\/v2\/product\/1085","targetHints":{"allow":["GET"]}}],"collection":[{"href":"https:\/\/matelaspersonnel.com\/en\/wp-json\/wp\/v2\/product"}],"about":[{"href":"https:\/\/matelaspersonnel.com\/en\/wp-json\/wp\/v2\/types\/product"}],"replies":[{"embeddable":true,"href":"https:\/\/matelaspersonnel.com\/en\/wp-json\/wp\/v2\/comments?post=1085"}],"wp:featuredmedia":[{"embeddable":true,"href":"https:\/\/matelaspersonnel.com\/en\/wp-json\/wp\/v2\/media\/1170"}],"wp:attachment":[{"href":"https:\/\/matelaspersonnel.com\/en\/wp-json\/wp\/v2\/media?parent=1085"}],"wp:term":[{"taxonomy":"product_brand","embeddable":true,"href":"https:\/\/matelaspersonnel.com\/en\/wp-json\/wp\/v2\/product_brand?post=1085"},{"taxonomy":"product_cat","embeddable":true,"href":"https:\/\/matelaspersonnel.com\/en\/wp-json\/wp\/v2\/product_cat?post=1085"},{"taxonomy":"product_tag","embeddable":true,"href":"https:\/\/matelaspersonnel.com\/en\/wp-json\/wp\/v2\/product_tag?post=1085"}],"curies":[{"name":"wp","href":"https:\/\/api.w.org\/{rel}","templated":true}]}}