{"id":586,"date":"2025-12-05T09:56:26","date_gmt":"2025-12-05T09:56:26","guid":{"rendered":"https:\/\/snow-lark-275080.hostingersite.com\/?page_id=586"},"modified":"2026-02-18T15:25:56","modified_gmt":"2026-02-18T15:25:56","slug":"our-locations","status":"publish","type":"page","link":"https:\/\/matelaspersonnel.com\/en\/our-locations\/","title":{"rendered":"Our Locations"},"content":{"rendered":"<div data-elementor-type=\"wp-page\" data-elementor-id=\"586\" class=\"elementor elementor-586\" data-elementor-post-type=\"page\">\n\t\t\t\t<div class=\"elementor-element elementor-element-15f4878 e-flex e-con-boxed e-con e-parent\" data-id=\"15f4878\" data-element_type=\"container\" data-e-type=\"container\" data-settings=\"{&quot;background_background&quot;:&quot;classic&quot;}\">\n\t\t\t\t\t<div class=\"e-con-inner\">\n\t\t<div class=\"elementor-element elementor-element-b5d5fbe e-con-full e-flex e-con e-child\" data-id=\"b5d5fbe\" data-element_type=\"container\" data-e-type=\"container\">\n\t\t\t\t<div class=\"elementor-element elementor-element-0bd0615 elementor-widget elementor-widget-heading\" data-id=\"0bd0615\" data-element_type=\"widget\" data-e-type=\"widget\" data-widget_type=\"heading.default\">\n\t\t\t\t\t<h1 class=\"elementor-heading-title elementor-size-default\">Locations<\/h1>\t\t\t\t<\/div>\n\t\t\t\t<div class=\"elementor-element elementor-element-ec3e42a elementor-widget elementor-widget-heading\" data-id=\"ec3e42a\" data-element_type=\"widget\" data-e-type=\"widget\" data-widget_type=\"heading.default\">\n\t\t\t\t\t<div class=\"elementor-heading-title elementor-size-default\">Explore our showrooms designed around comfort, support and quality. Discover our collections and find the mattress tailored to your needs for restful, long-lasting sleep.<\/div>\t\t\t\t<\/div>\n\t\t\t\t<\/div>\n\t\t\t\t\t<\/div>\n\t\t\t\t<\/div>\n\t\t<div class=\"elementor-element elementor-element-68d11d7 e-flex e-con-boxed e-con e-parent\" data-id=\"68d11d7\" data-element_type=\"container\" data-e-type=\"container\">\n\t\t\t\t\t<div class=\"e-con-inner\">\n\t\t<div class=\"elementor-element elementor-element-bf9acf5 e-con-full e-grid e-con e-child\" data-id=\"bf9acf5\" data-element_type=\"container\" data-e-type=\"container\">\n\t\t<div class=\"elementor-element elementor-element-ee42375 e-con-full e-flex e-con e-child\" data-id=\"ee42375\" data-element_type=\"container\" data-e-type=\"container\" data-settings=\"{&quot;background_background&quot;:&quot;classic&quot;}\">\n\t\t<div class=\"elementor-element elementor-element-b89785d e-con-full e-flex e-con e-child\" data-id=\"b89785d\" data-element_type=\"container\" data-e-type=\"container\">\n\t\t\t\t<div class=\"elementor-element elementor-element-6d4a087 elementor-widget elementor-widget-image\" data-id=\"6d4a087\" data-element_type=\"widget\" data-e-type=\"widget\" data-widget_type=\"image.default\">\n\t\t\t\t\t\t\t\t\t\t\t\t\t\t\t<img fetchpriority=\"high\" decoding=\"async\" width=\"800\" height=\"534\" src=\"https:\/\/matelaspersonnel.com\/wp-content\/uploads\/2025\/12\/Matelas-Personal-Image-6-1024x683.webp\" class=\"attachment-large size-large wp-image-260\" alt=\"\" srcset=\"https:\/\/matelaspersonnel.com\/wp-content\/uploads\/2025\/12\/Matelas-Personal-Image-6-1024x683.webp 1024w, https:\/\/matelaspersonnel.com\/wp-content\/uploads\/2025\/12\/Matelas-Personal-Image-6-300x200.webp 300w, https:\/\/matelaspersonnel.com\/wp-content\/uploads\/2025\/12\/Matelas-Personal-Image-6-768x512.webp 768w, https:\/\/matelaspersonnel.com\/wp-content\/uploads\/2025\/12\/Matelas-Personal-Image-6.webp 1280w\" sizes=\"(max-width: 800px) 100vw, 800px\" \/>\t\t\t\t\t\t\t\t\t\t\t\t\t\t\t<\/div>\n\t\t\t\t<div class=\"elementor-element elementor-element-a14876e elementor-absolute elementor-widget elementor-widget-heading\" data-id=\"a14876e\" data-element_type=\"widget\" data-e-type=\"widget\" data-settings=\"{&quot;_position&quot;:&quot;absolute&quot;}\" data-widget_type=\"heading.default\">\n\t\t\t\t\t<h4 class=\"elementor-heading-title elementor-size-default\">Matelas Personnel<\/h4>\t\t\t\t<\/div>\n\t\t\t\t<\/div>\n\t\t<div class=\"elementor-element elementor-element-9836cb6 e-con-full e-flex e-con e-child\" data-id=\"9836cb6\" data-element_type=\"container\" data-e-type=\"container\">\n\t\t\t\t<div class=\"elementor-element elementor-element-4900702 elementor-icon-list--layout-traditional elementor-list-item-link-full_width elementor-widget elementor-widget-icon-list\" data-id=\"4900702\" data-element_type=\"widget\" data-e-type=\"widget\" data-widget_type=\"icon-list.default\">\n\t\t\t\t\t\t\t<ul class=\"elementor-icon-list-items\">\n\t\t\t\t\t\t\t<li class=\"elementor-icon-list-item\">\n\t\t\t\t\t\t\t\t\t\t\t<span class=\"elementor-icon-list-icon\">\n\t\t\t\t\t\t\t<svg aria-hidden=\"true\" class=\"e-font-icon-svg e-fas-map-marker-alt\" viewbox=\"0 0 384 512\" xmlns=\"http:\/\/www.w3.org\/2000\/svg\"><path d=\"M172.268 501.67C26.97 291.031 0 269.413 0 192 0 85.961 85.961 0 192 0s192 85.961 192 192c0 77.413-26.97 99.031-172.268 309.67-9.535 13.774-29.93 13.773-39.464 0zM192 272c44.183 0 80-35.817 80-80s-35.817-80-80-80-80 35.817-80 80 35.817 80 80 80z\"><\/path><\/svg>\t\t\t\t\t\t<\/span>\n\t\t\t\t\t\t\t\t\t\t<span class=\"elementor-icon-list-text\">4600 Bd des Grandes-Prairies, Saint-L\u00e9onard, QC H1R 1A1<\/span>\n\t\t\t\t\t\t\t\t\t<\/li>\n\t\t\t\t\t\t<\/ul>\n\t\t\t\t\t\t<\/div>\n\t\t\t\t<div class=\"elementor-element elementor-element-988af62 elementor-widget elementor-widget-button\" data-id=\"988af62\" data-element_type=\"widget\" data-e-type=\"widget\" data-widget_type=\"button.default\">\n\t\t\t\t\t\t\t\t\t\t<a class=\"elementor-button elementor-button-link elementor-size-sm\" href=\"tel:514-725-1000\">\n\t\t\t\t\t\t<span class=\"elementor-button-content-wrapper\">\n\t\t\t\t\t\t\t\t\t<span class=\"elementor-button-text\">Call us at 514-725-1000<\/span>\n\t\t\t\t\t<\/span>\n\t\t\t\t\t<\/a>\n\t\t\t\t\t\t\t\t<\/div>\n\t\t\t\t<div class=\"elementor-element elementor-element-db86a8a elementor-absolute elementor-widget elementor-widget-elementskit-heading\" data-id=\"db86a8a\" data-element_type=\"widget\" data-e-type=\"widget\" data-settings=\"{&quot;_position&quot;:&quot;absolute&quot;}\" data-widget_type=\"elementskit-heading.default\">\n\t\t\t\t\t<div class=\"ekit-wid-con\" ><div class=\"ekit-heading elementskit-section-title-wraper text_left   ekit_heading_tablet-   ekit_heading_mobile-\"><div class=\"ekit-heading--title elementskit-section-title text_fill\"><span><span>01<\/span><\/span><\/div><\/div><\/div>\t\t\t\t<\/div>\n\t\t\t\t<\/div>\n\t\t\t\t<\/div>\n\t\t\t\t<\/div>\n\t\t\t\t\t<\/div>\n\t\t\t\t<\/div>\n\t\t\t\t<\/div>","protected":false},"excerpt":{"rendered":"<p>Nos Magasins D\u00e9couvrez nos magasins d\u00e9di\u00e9s au confort, au soutien et \u00e0 la qualit\u00e9. Explorez nos collections et trouvez le matelas parfaitement ajust\u00e9 \u00e0 vos besoins, pour un sommeil durable et r\u00e9parateur. Matelas Personnel 4600 Bd des Grandes-Prairies, Saint-L\u00e9onard, QC H1R 1A1 Appelez-nous au 514-725-1000 01<\/p>","protected":false},"author":1,"featured_media":0,"parent":0,"menu_order":0,"comment_status":"closed","ping_status":"closed","template":"elementor_header_footer","meta":{"footnotes":""},"class_list":["post-586","page","type-page","status-publish","hentry"],"yoast_head":"<!-- This site is optimized with the Yoast SEO plugin v27.5 - https:\/\/yoast.com\/product\/yoast-seo-wordpress\/ -->\n<title>Points de vente et boutiques au Qu\u00e9bec - Matelas Personnel<\/title>\n<meta name=\"robots\" content=\"index, follow, max-snippet:-1, max-image-preview:large, max-video-preview:-1\" \/>\n<link rel=\"canonical\" href=\"https:\/\/matelaspersonnel.com\/en\/our-locations\/\" \/>\n<meta property=\"og:locale\" content=\"en_US\" \/>\n<meta property=\"og:type\" content=\"article\" \/>\n<meta property=\"og:title\" content=\"Points de vente et boutiques au Qu\u00e9bec - Matelas Personnel\" \/>\n<meta property=\"og:description\" content=\"Nos Magasins D\u00e9couvrez nos magasins d\u00e9di\u00e9s au confort, au soutien et \u00e0 la qualit\u00e9. Explorez nos collections et trouvez le matelas parfaitement ajust\u00e9 \u00e0 vos besoins, pour un sommeil durable et r\u00e9parateur. Matelas Personnel 4600 Bd des Grandes-Prairies, Saint-L\u00e9onard, QC H1R 1A1 Appelez-nous au 514-725-1000 01\" \/>\n<meta property=\"og:url\" content=\"https:\/\/matelaspersonnel.com\/en\/our-locations\/\" \/>\n<meta property=\"og:site_name\" content=\"Matelas Personnel\" \/>\n<meta property=\"article:modified_time\" content=\"2026-02-18T15:25:56+00:00\" \/>\n<meta property=\"og:image\" content=\"https:\/\/matelaspersonnel.com\/wp-content\/uploads\/2025\/12\/Matelas-Personal-Image-6-1024x683.webp\" \/>\n<meta name=\"twitter:card\" content=\"summary_large_image\" \/>\n<meta name=\"twitter:label1\" content=\"Est. reading time\" \/>\n\t<meta name=\"twitter:data1\" content=\"1 minute\" \/>\n<script type=\"application\/ld+json\" class=\"yoast-schema-graph\">{\"@context\":\"https:\\\/\\\/schema.org\",\"@graph\":[{\"@type\":\"WebPage\",\"@id\":\"https:\\\/\\\/matelaspersonnel.com\\\/our-locations\\\/\",\"url\":\"https:\\\/\\\/matelaspersonnel.com\\\/our-locations\\\/\",\"name\":\"Points de vente et boutiques au Qu\u00e9bec - Matelas Personnel\",\"isPartOf\":{\"@id\":\"https:\\\/\\\/matelaspersonnel.com\\\/#website\"},\"primaryImageOfPage\":{\"@id\":\"https:\\\/\\\/matelaspersonnel.com\\\/our-locations\\\/#primaryimage\"},\"image\":{\"@id\":\"https:\\\/\\\/matelaspersonnel.com\\\/our-locations\\\/#primaryimage\"},\"thumbnailUrl\":\"https:\\\/\\\/matelaspersonnel.com\\\/wp-content\\\/uploads\\\/2025\\\/12\\\/Matelas-Personal-Image-6-1024x683.webp\",\"datePublished\":\"2025-12-05T09:56:26+00:00\",\"dateModified\":\"2026-02-18T15:25:56+00:00\",\"breadcrumb\":{\"@id\":\"https:\\\/\\\/matelaspersonnel.com\\\/our-locations\\\/#breadcrumb\"},\"inLanguage\":\"en-CA\",\"potentialAction\":[{\"@type\":\"ReadAction\",\"target\":[\"https:\\\/\\\/matelaspersonnel.com\\\/our-locations\\\/\"]}]},{\"@type\":\"ImageObject\",\"inLanguage\":\"en-CA\",\"@id\":\"https:\\\/\\\/matelaspersonnel.com\\\/our-locations\\\/#primaryimage\",\"url\":\"https:\\\/\\\/matelaspersonnel.com\\\/wp-content\\\/uploads\\\/2025\\\/12\\\/Matelas-Personal-Image-6-1024x683.webp\",\"contentUrl\":\"https:\\\/\\\/matelaspersonnel.com\\\/wp-content\\\/uploads\\\/2025\\\/12\\\/Matelas-Personal-Image-6-1024x683.webp\"},{\"@type\":\"BreadcrumbList\",\"@id\":\"https:\\\/\\\/matelaspersonnel.com\\\/our-locations\\\/#breadcrumb\",\"itemListElement\":[{\"@type\":\"ListItem\",\"position\":1,\"name\":\"Accueil\",\"item\":\"https:\\\/\\\/matelaspersonnel.com\\\/\"},{\"@type\":\"ListItem\",\"position\":2,\"name\":\"Our Locations\"}]},{\"@type\":\"WebSite\",\"@id\":\"https:\\\/\\\/matelaspersonnel.com\\\/#website\",\"url\":\"https:\\\/\\\/matelaspersonnel.com\\\/\",\"name\":\"Matelas Personnel\",\"description\":\"\",\"publisher\":{\"@id\":\"https:\\\/\\\/matelaspersonnel.com\\\/#organization\"},\"potentialAction\":[{\"@type\":\"SearchAction\",\"target\":{\"@type\":\"EntryPoint\",\"urlTemplate\":\"https:\\\/\\\/matelaspersonnel.com\\\/?s={search_term_string}\"},\"query-input\":{\"@type\":\"PropertyValueSpecification\",\"valueRequired\":true,\"valueName\":\"search_term_string\"}}],\"inLanguage\":\"en-CA\"},{\"@type\":\"Organization\",\"@id\":\"https:\\\/\\\/matelaspersonnel.com\\\/#organization\",\"name\":\"Matelas Personnel\",\"url\":\"https:\\\/\\\/matelaspersonnel.com\\\/\",\"logo\":{\"@type\":\"ImageObject\",\"inLanguage\":\"en-CA\",\"@id\":\"https:\\\/\\\/matelaspersonnel.com\\\/#\\\/schema\\\/logo\\\/image\\\/\",\"url\":\"https:\\\/\\\/matelaspersonnel.com\\\/wp-content\\\/uploads\\\/2025\\\/11\\\/Matelas-Personnel-Logo--e1764421185273.webp\",\"contentUrl\":\"https:\\\/\\\/matelaspersonnel.com\\\/wp-content\\\/uploads\\\/2025\\\/11\\\/Matelas-Personnel-Logo--e1764421185273.webp\",\"width\":1229,\"height\":363,\"caption\":\"Matelas Personnel\"},\"image\":{\"@id\":\"https:\\\/\\\/matelaspersonnel.com\\\/#\\\/schema\\\/logo\\\/image\\\/\"}}]}<\/script>\n<!-- \/ Yoast SEO plugin. -->","yoast_head_json":{"title":"Points de vente et boutiques au Qu\u00e9bec - Matelas Personnel","robots":{"index":"index","follow":"follow","max-snippet":"max-snippet:-1","max-image-preview":"max-image-preview:large","max-video-preview":"max-video-preview:-1"},"canonical":"https:\/\/matelaspersonnel.com\/en\/our-locations\/","og_locale":"en_US","og_type":"article","og_title":"Points de vente et boutiques au Qu\u00e9bec - Matelas Personnel","og_description":"Nos Magasins D\u00e9couvrez nos magasins d\u00e9di\u00e9s au confort, au soutien et \u00e0 la qualit\u00e9. Explorez nos collections et trouvez le matelas parfaitement ajust\u00e9 \u00e0 vos besoins, pour un sommeil durable et r\u00e9parateur. Matelas Personnel 4600 Bd des Grandes-Prairies, Saint-L\u00e9onard, QC H1R 1A1 Appelez-nous au 514-725-1000 01","og_url":"https:\/\/matelaspersonnel.com\/en\/our-locations\/","og_site_name":"Matelas Personnel","article_modified_time":"2026-02-18T15:25:56+00:00","og_image":[{"url":"https:\/\/matelaspersonnel.com\/wp-content\/uploads\/2025\/12\/Matelas-Personal-Image-6-1024x683.webp","type":"","width":"","height":""}],"twitter_card":"summary_large_image","twitter_misc":{"Est. reading time":"1 minute"},"schema":{"@context":"https:\/\/schema.org","@graph":[{"@type":"WebPage","@id":"https:\/\/matelaspersonnel.com\/our-locations\/","url":"https:\/\/matelaspersonnel.com\/our-locations\/","name":"Points de vente et boutiques au Qu\u00e9bec - Matelas Personnel","isPartOf":{"@id":"https:\/\/matelaspersonnel.com\/#website"},"primaryImageOfPage":{"@id":"https:\/\/matelaspersonnel.com\/our-locations\/#primaryimage"},"image":{"@id":"https:\/\/matelaspersonnel.com\/our-locations\/#primaryimage"},"thumbnailUrl":"https:\/\/matelaspersonnel.com\/wp-content\/uploads\/2025\/12\/Matelas-Personal-Image-6-1024x683.webp","datePublished":"2025-12-05T09:56:26+00:00","dateModified":"2026-02-18T15:25:56+00:00","breadcrumb":{"@id":"https:\/\/matelaspersonnel.com\/our-locations\/#breadcrumb"},"inLanguage":"en-CA","potentialAction":[{"@type":"ReadAction","target":["https:\/\/matelaspersonnel.com\/our-locations\/"]}]},{"@type":"ImageObject","inLanguage":"en-CA","@id":"https:\/\/matelaspersonnel.com\/our-locations\/#primaryimage","url":"https:\/\/matelaspersonnel.com\/wp-content\/uploads\/2025\/12\/Matelas-Personal-Image-6-1024x683.webp","contentUrl":"https:\/\/matelaspersonnel.com\/wp-content\/uploads\/2025\/12\/Matelas-Personal-Image-6-1024x683.webp"},{"@type":"BreadcrumbList","@id":"https:\/\/matelaspersonnel.com\/our-locations\/#breadcrumb","itemListElement":[{"@type":"ListItem","position":1,"name":"Accueil","item":"https:\/\/matelaspersonnel.com\/"},{"@type":"ListItem","position":2,"name":"Our Locations"}]},{"@type":"WebSite","@id":"https:\/\/matelaspersonnel.com\/#website","url":"https:\/\/matelaspersonnel.com\/","name":"Matelas Personnel","description":"","publisher":{"@id":"https:\/\/matelaspersonnel.com\/#organization"},"potentialAction":[{"@type":"SearchAction","target":{"@type":"EntryPoint","urlTemplate":"https:\/\/matelaspersonnel.com\/?s={search_term_string}"},"query-input":{"@type":"PropertyValueSpecification","valueRequired":true,"valueName":"search_term_string"}}],"inLanguage":"en-CA"},{"@type":"Organization","@id":"https:\/\/matelaspersonnel.com\/#organization","name":"Matelas Personnel","url":"https:\/\/matelaspersonnel.com\/","logo":{"@type":"ImageObject","inLanguage":"en-CA","@id":"https:\/\/matelaspersonnel.com\/#\/schema\/logo\/image\/","url":"https:\/\/matelaspersonnel.com\/wp-content\/uploads\/2025\/11\/Matelas-Personnel-Logo--e1764421185273.webp","contentUrl":"https:\/\/matelaspersonnel.com\/wp-content\/uploads\/2025\/11\/Matelas-Personnel-Logo--e1764421185273.webp","width":1229,"height":363,"caption":"Matelas Personnel"},"image":{"@id":"https:\/\/matelaspersonnel.com\/#\/schema\/logo\/image\/"}}]}},"_links":{"self":[{"href":"https:\/\/matelaspersonnel.com\/en\/wp-json\/wp\/v2\/pages\/586","targetHints":{"allow":["GET"]}}],"collection":[{"href":"https:\/\/matelaspersonnel.com\/en\/wp-json\/wp\/v2\/pages"}],"about":[{"href":"https:\/\/matelaspersonnel.com\/en\/wp-json\/wp\/v2\/types\/page"}],"author":[{"embeddable":true,"href":"https:\/\/matelaspersonnel.com\/en\/wp-json\/wp\/v2\/users\/1"}],"replies":[{"embeddable":true,"href":"https:\/\/matelaspersonnel.com\/en\/wp-json\/wp\/v2\/comments?post=586"}],"version-history":[{"count":13,"href":"https:\/\/matelaspersonnel.com\/en\/wp-json\/wp\/v2\/pages\/586\/revisions"}],"predecessor-version":[{"id":655,"href":"https:\/\/matelaspersonnel.com\/en\/wp-json\/wp\/v2\/pages\/586\/revisions\/655"}],"wp:attachment":[{"href":"https:\/\/matelaspersonnel.com\/en\/wp-json\/wp\/v2\/media?parent=586"}],"curies":[{"name":"wp","href":"https:\/\/api.w.org\/{rel}","templated":true}]}}