{"id":474,"date":"2025-12-04T13:34:46","date_gmt":"2025-12-04T13:34:46","guid":{"rendered":"https:\/\/snow-lark-275080.hostingersite.com\/?page_id=474"},"modified":"2026-02-18T15:16:16","modified_gmt":"2026-02-18T15:16:16","slug":"contact-us","status":"publish","type":"page","link":"https:\/\/matelaspersonnel.com\/en\/contact-us\/","title":{"rendered":"Contact Us"},"content":{"rendered":"<div data-elementor-type=\"wp-page\" data-elementor-id=\"474\" class=\"elementor elementor-474\" data-elementor-post-type=\"page\">\n\t\t\t\t<div class=\"elementor-element elementor-element-54d5ab6d e-flex e-con-boxed e-con e-parent\" data-id=\"54d5ab6d\" data-element_type=\"container\" data-e-type=\"container\" data-settings=\"{&quot;background_background&quot;:&quot;classic&quot;}\">\n\t\t\t\t\t<div class=\"e-con-inner\">\n\t\t<div class=\"elementor-element elementor-element-7ecadd2 e-con-full e-flex e-con e-child\" data-id=\"7ecadd2\" data-element_type=\"container\" data-e-type=\"container\">\n\t\t\t\t<div class=\"elementor-element elementor-element-2aecf093 elementor-widget elementor-widget-heading\" data-id=\"2aecf093\" data-element_type=\"widget\" data-e-type=\"widget\" data-widget_type=\"heading.default\">\n\t\t\t\t\t<h1 class=\"elementor-heading-title elementor-size-default\">Contact Us<\/h1>\t\t\t\t<\/div>\n\t\t\t\t<div class=\"elementor-element elementor-element-e2b0a8e elementor-widget elementor-widget-heading\" data-id=\"e2b0a8e\" data-element_type=\"widget\" data-e-type=\"widget\" data-widget_type=\"heading.default\">\n\t\t\t\t\t<h3 class=\"elementor-heading-title elementor-size-default\">A clear, friendly conversation dedicated to your best nights of sleep.<\/h3>\t\t\t\t<\/div>\n\t\t\t\t<\/div>\n\t\t\t\t\t<\/div>\n\t\t\t\t<\/div>\n\t\t<div class=\"elementor-element elementor-element-b084ccc e-flex e-con-boxed e-con e-parent\" data-id=\"b084ccc\" data-element_type=\"container\" data-e-type=\"container\">\n\t\t\t\t\t<div class=\"e-con-inner\">\n\t\t<div class=\"elementor-element elementor-element-3a901a47 e-con-full e-flex elementor-invisible e-con e-child\" data-id=\"3a901a47\" data-element_type=\"container\" data-e-type=\"container\" data-settings=\"{&quot;animation&quot;:&quot;fadeInLeft&quot;}\">\n\t\t\t\t<div class=\"elementor-element elementor-element-814c91 elementor-widget elementor-widget-heading\" data-id=\"814c91\" data-element_type=\"widget\" data-e-type=\"widget\" data-widget_type=\"heading.default\">\n\t\t\t\t\t<h6 class=\"elementor-heading-title elementor-size-default\">Stay in Touch<\/h6>\t\t\t\t<\/div>\n\t\t\t\t<div class=\"elementor-element elementor-element-1e3cdf5d elementor-widget elementor-widget-heading\" data-id=\"1e3cdf5d\" data-element_type=\"widget\" data-e-type=\"widget\" data-widget_type=\"heading.default\">\n\t\t\t\t\t<h2 class=\"elementor-heading-title elementor-size-default\">Simple, human and responsive support<\/h2>\t\t\t\t<\/div>\n\t\t\t\t<div class=\"elementor-element elementor-element-a1326f1 elementor-widget elementor-widget-heading\" data-id=\"a1326f1\" data-element_type=\"widget\" data-e-type=\"widget\" data-widget_type=\"heading.default\">\n\t\t\t\t\t<div class=\"elementor-heading-title elementor-size-default\">Our team is available to answer your questions, guide you in choosing your mattress and offer you a service tailored to your needs.<\/div>\t\t\t\t<\/div>\n\t\t\t\t<div class=\"elementor-element elementor-element-27d4b0dd elementor-view-stacked elementor-position-inline-start elementor-mobile-position-inline-start elementor-shape-circle elementor-widget elementor-widget-icon-box\" data-id=\"27d4b0dd\" data-element_type=\"widget\" data-e-type=\"widget\" data-widget_type=\"icon-box.default\">\n\t\t\t\t\t\t\t<div class=\"elementor-icon-box-wrapper\">\n\n\t\t\t\t\t\t<div class=\"elementor-icon-box-icon\">\n\t\t\t\t<span  class=\"elementor-icon\">\n\t\t\t\t<svg aria-hidden=\"true\" class=\"e-font-icon-svg e-fas-map-marker-alt\" viewbox=\"0 0 384 512\" xmlns=\"http:\/\/www.w3.org\/2000\/svg\"><path d=\"M172.268 501.67C26.97 291.031 0 269.413 0 192 0 85.961 85.961 0 192 0s192 85.961 192 192c0 77.413-26.97 99.031-172.268 309.67-9.535 13.774-29.93 13.773-39.464 0zM192 272c44.183 0 80-35.817 80-80s-35.817-80-80-80-80 35.817-80 80 35.817 80 80 80z\"><\/path><\/svg>\t\t\t\t<\/span>\n\t\t\t<\/div>\n\t\t\t\n\t\t\t\t\t\t<div class=\"elementor-icon-box-content\">\n\n\t\t\t\t\t\t\t\t\t<div class=\"elementor-icon-box-title\">\n\t\t\t\t\t\t<span  >\n\t\t\t\t\t\t\tVisit us\t\t\t\t\t\t<\/span>\n\t\t\t\t\t<\/div>\n\t\t\t\t\n\t\t\t\t\t\t\t\t\t<p class=\"elementor-icon-box-description\">\n\t\t\t\t\t\t4600 Boulevard des Grandes-Prairies<br>\nSaint-L\u00e9onard, QC H1R 1A1\t\t\t\t\t<\/p>\n\t\t\t\t\n\t\t\t<\/div>\n\t\t\t\n\t\t<\/div>\n\t\t\t\t\t\t<\/div>\n\t\t\t\t<div class=\"elementor-element elementor-element-7ca4fc61 elementor-view-stacked elementor-position-inline-start elementor-mobile-position-inline-start elementor-shape-circle elementor-widget elementor-widget-icon-box\" data-id=\"7ca4fc61\" data-element_type=\"widget\" data-e-type=\"widget\" data-widget_type=\"icon-box.default\">\n\t\t\t\t\t\t\t<div class=\"elementor-icon-box-wrapper\">\n\n\t\t\t\t\t\t<div class=\"elementor-icon-box-icon\">\n\t\t\t\t<span  class=\"elementor-icon\">\n\t\t\t\t<svg aria-hidden=\"true\" class=\"e-font-icon-svg e-fas-phone-alt\" viewbox=\"0 0 512 512\" xmlns=\"http:\/\/www.w3.org\/2000\/svg\"><path d=\"M497.39 361.8l-112-48a24 24 0 0 0-28 6.9l-49.6 60.6A370.66 370.66 0 0 1 130.6 204.11l60.6-49.6a23.94 23.94 0 0 0 6.9-28l-48-112A24.16 24.16 0 0 0 122.6.61l-104 24A24 24 0 0 0 0 48c0 256.5 207.9 464 464 464a24 24 0 0 0 23.4-18.6l24-104a24.29 24.29 0 0 0-14.01-27.6z\"><\/path><\/svg>\t\t\t\t<\/span>\n\t\t\t<\/div>\n\t\t\t\n\t\t\t\t\t\t<div class=\"elementor-icon-box-content\">\n\n\t\t\t\t\t\t\t\t\t<div class=\"elementor-icon-box-title\">\n\t\t\t\t\t\t<span  >\n\t\t\t\t\t\t\tCall us\t\t\t\t\t\t<\/span>\n\t\t\t\t\t<\/div>\n\t\t\t\t\n\t\t\t\t\t\t\t\t\t<p class=\"elementor-icon-box-description\">\n\t\t\t\t\t\tPhone: 514 725 1000\t\t\t\t\t<\/p>\n\t\t\t\t\n\t\t\t<\/div>\n\t\t\t\n\t\t<\/div>\n\t\t\t\t\t\t<\/div>\n\t\t\t\t<div class=\"elementor-element elementor-element-5468c60b elementor-view-stacked elementor-position-inline-start elementor-mobile-position-inline-start elementor-shape-circle elementor-widget elementor-widget-icon-box\" data-id=\"5468c60b\" data-element_type=\"widget\" data-e-type=\"widget\" data-widget_type=\"icon-box.default\">\n\t\t\t\t\t\t\t<div class=\"elementor-icon-box-wrapper\">\n\n\t\t\t\t\t\t<div class=\"elementor-icon-box-icon\">\n\t\t\t\t<span  class=\"elementor-icon\">\n\t\t\t\t<svg aria-hidden=\"true\" class=\"e-font-icon-svg e-fas-envelope\" viewbox=\"0 0 512 512\" xmlns=\"http:\/\/www.w3.org\/2000\/svg\"><path d=\"M502.3 190.8c3.9-3.1 9.7-.2 9.7 4.7V400c0 26.5-21.5 48-48 48H48c-26.5 0-48-21.5-48-48V195.6c0-5 5.7-7.8 9.7-4.7 22.4 17.4 52.1 39.5 154.1 113.6 21.1 15.4 56.7 47.8 92.2 47.6 35.7.3 72-32.8 92.3-47.6 102-74.1 131.6-96.3 154-113.7zM256 320c23.2.4 56.6-29.2 73.4-41.4 132.7-96.3 142.8-104.7 173.4-128.7 5.8-4.5 9.2-11.5 9.2-18.9v-19c0-26.5-21.5-48-48-48H48C21.5 64 0 85.5 0 112v19c0 7.4 3.4 14.3 9.2 18.9 30.6 23.9 40.7 32.4 173.4 128.7 16.8 12.2 50.2 41.8 73.4 41.4z\"><\/path><\/svg>\t\t\t\t<\/span>\n\t\t\t<\/div>\n\t\t\t\n\t\t\t\t\t\t<div class=\"elementor-icon-box-content\">\n\n\t\t\t\t\t\t\t\t\t<div class=\"elementor-icon-box-title\">\n\t\t\t\t\t\t<span  >\n\t\t\t\t\t\t\tEmail support\t\t\t\t\t\t<\/span>\n\t\t\t\t\t<\/div>\n\t\t\t\t\n\t\t\t\t\t\t\t\t\t<p class=\"elementor-icon-box-description\">\n\t\t\t\t\t\tinfo@matelaspersonnel.com\t\t\t\t\t<\/p>\n\t\t\t\t\n\t\t\t<\/div>\n\t\t\t\n\t\t<\/div>\n\t\t\t\t\t\t<\/div>\n\t\t\t\t<\/div>\n\t\t<div class=\"elementor-element elementor-element-614cd618 e-con-full e-flex e-con e-child\" data-id=\"614cd618\" data-element_type=\"container\" data-e-type=\"container\">\n\t\t<div class=\"elementor-element elementor-element-3a9be161 e-con-full e-flex elementor-invisible e-con e-child\" data-id=\"3a9be161\" data-element_type=\"container\" data-e-type=\"container\" data-settings=\"{&quot;background_background&quot;:&quot;classic&quot;,&quot;animation&quot;:&quot;fadeInRight&quot;}\">\n\t\t\t\t<div class=\"elementor-element elementor-element-3e293bf2 elementor-widget elementor-widget-heading\" data-id=\"3e293bf2\" data-element_type=\"widget\" data-e-type=\"widget\" data-widget_type=\"heading.default\">\n\t\t\t\t\t<h2 class=\"elementor-heading-title elementor-size-default\">Email support<\/h2>\t\t\t\t<\/div>\n\t\t\t\t<div class=\"elementor-element elementor-element-16e7bd7 fluentform-widget-submit-button-custom elementor-widget elementor-widget-fluent-form-widget\" data-id=\"16e7bd7\" data-element_type=\"widget\" data-e-type=\"widget\" data-widget_type=\"fluent-form-widget.default\">\n\t\t\t\t<div class=\"elementor-widget-container\">\n\t\t\t\t\t\n            <div class=\"fluentform-widget-wrapper fluentform-widget-align-default\">\n\n            \n            <div class='fluentform ff-default fluentform_wrapper_3 ffs_default_wrap'><form data-form_id=\"3\" id=\"fluentform_3\" class=\"frm-fluent-form fluent_form_3 ff-el-form-top ff_form_instance_3_1 ff-form-loading ffs_default\" data-form_instance=\"ff_form_instance_3_1\" method=\"POST\" action=\"\" ><fieldset  style=\"border: none!important;margin: 0!important;padding: 0!important;background-color: transparent!important;box-shadow: none!important;outline: none!important; min-inline-size: 100%;\">\n                    <legend class=\"ff_screen_reader_title\" style=\"display: block; margin: 0!important;padding: 0!important;height: 0!important;text-indent: -999999px;width: 0!important;overflow:hidden;\">Contact Us<\/legend><input type='hidden' name='__fluent_form_embded_post_id' value='474' \/><input type=\"hidden\" id=\"_fluentform_3_fluentformnonce\" name=\"_fluentform_3_fluentformnonce\" value=\"cafa67aeb6\" \/><input type=\"hidden\" name=\"_wp_http_referer\" value=\"\/en\/wp-json\/wp\/v2\/pages\/474\" \/><div class='ff-el-group'><div class=\"ff-el-input--label ff-el-is-required asterisk-right\"><label for='ff_3_full_name' id='label_ff_3_full_name' >Full Name<\/label><\/div><div class='ff-el-input--content'><input type=\"text\" name=\"full_name\" class=\"ff-el-form-control\" placeholder=\"Your Full Name\" data-name=\"full_name\" id=\"ff_3_full_name\"  aria-invalid=\"false\" aria-required=\"true\"><\/div><\/div><div data-name=\"ff_cn_id_1\"  class='ff-t-container ff-column-container ff_columns_total_2'><div class='ff-t-cell ff-t-column-1' style='flex-basis: 50%;'><div class='ff-el-group'><div class=\"ff-el-input--label ff-el-is-required asterisk-right\"><label for='ff_3_email' id='label_ff_3_email' aria-label=\"Email Address\">Email Address<\/label><\/div><div class='ff-el-input--content'><input type=\"email\" name=\"email\" id=\"ff_3_email\" class=\"ff-el-form-control\" placeholder=\"Your Email Address\" data-name=\"email\"  aria-invalid=\"false\" aria-required=\"true\"><\/div><\/div><\/div><div class='ff-t-cell ff-t-column-2' style='flex-basis: 50%;'><div class='ff-el-group'><div class=\"ff-el-input--label ff-el-is-required asterisk-right\"><label for='ff_3_phone' id='label_ff_3_phone' aria-label=\"Phone Number\">Phone Number<\/label><\/div><div class='ff-el-input--content'><input type=\"tel\" name=\"phone\" data-mask=\"(000) 000-0000\" class=\"ff-el-form-control\" placeholder=\"(514) 725-1000\" data-name=\"phone\" id=\"ff_3_phone\"  aria-invalid=\"false\" aria-required=\"true\"><\/div><\/div><\/div><\/div><div class='ff-el-group'><div class=\"ff-el-input--label ff-el-is-required asterisk-right\"><label for='ff_3_subject' id='label_ff_3_subject' aria-label=\"Subject \/ Product Inquiry\">Subject \/ Product Inquiry<\/label><\/div><div class='ff-el-input--content'><select name=\"subject\" id=\"ff_3_subject\" class=\"ff-el-form-control\" data-name=\"subject\" data-calc_value=\"0\"  aria-invalid=\"false\" aria-required=\"true\" aria-labelledby=\"label_ff_3_subject\"><option value=\"\">- Select -<\/option><option value=\"Mattresses\"  >Mattresses<\/option><option value=\"Bedding \/ Accessories\"  >Bedding \/ Accessories<\/option><option value=\"Delivery \/ Order Question\"  >Delivery \/ Order Question<\/option><option value=\"Warranty \/ After-Sales\"  >Warranty \/ After-Sales<\/option><option value=\"Other\"  >Other<\/option><\/select><\/div><\/div><div class='ff-el-group'><div class=\"ff-el-input--label ff-el-is-required asterisk-right\"><label for='ff_3_message' id='label_ff_3_message' aria-label=\"Message\">Message<\/label><\/div><div class='ff-el-input--content'><textarea aria-required=\"true\" aria-labelledby=\"label_ff_3_message\" name=\"message\" id=\"ff_3_message\" class=\"ff-el-form-control\" placeholder=\"Your Message\" rows=\"5\" cols=\"2\" data-name=\"message\" ><\/textarea><\/div><\/div><div class='ff-el-group ff-text-left ff_submit_btn_wrapper'><button type=\"submit\" class=\"ff-btn ff-btn-submit ff-btn-md ff_btn_style\"  aria-label=\"Submit Form\">Submit Form<\/button><\/div><\/fieldset><input type=\"hidden\" name=\"trp-form-language\" value=\"en\"\/><\/form><div id='fluentform_3_errors' class='ff-errors-in-stack ff_form_instance_3_1 ff-form-loading_errors ff_form_instance_3_1_errors'><\/div><\/div>            <script type=\"text\/javascript\">\n                window.fluent_form_ff_form_instance_3_1 = {\"id\":\"3\",\"ajaxUrl\":\"https:\\\/\\\/matelaspersonnel.com\\\/wp-admin\\\/admin-ajax.php\",\"settings\":{\"layout\":{\"labelPlacement\":\"top\",\"asteriskPlacement\":\"asterisk-right\",\"helpMessagePlacement\":\"with_label\",\"errorMessagePlacement\":\"inline\",\"cssClassName\":\"\"},\"restrictions\":{\"denyEmptySubmission\":{\"enabled\":false}}},\"form_instance\":\"ff_form_instance_3_1\",\"form_id_selector\":\"fluentform_3\",\"rules\":{\"full_name\":{\"required\":{\"value\":true,\"message\":\"This field is required\",\"global_message\":\"This field is required\",\"global\":true}},\"email\":{\"required\":{\"value\":true,\"message\":\"This field is required\",\"global_message\":\"This field is required\",\"global\":true},\"email\":{\"value\":true,\"message\":\"This field must contain a valid email\",\"global_message\":\"This field must contain a valid email\",\"global\":true}},\"phone\":{\"required\":{\"value\":true,\"message\":\"This field is required\",\"global_message\":\"This field is required\",\"global\":true}},\"subject\":{\"required\":{\"value\":true,\"message\":\"This field is required\",\"global_message\":\"This field is required\",\"global\":true}},\"message\":{\"required\":{\"value\":true,\"message\":\"This field is required\",\"global_message\":\"This field is required\",\"global\":true}}},\"debounce_time\":300};\n                            <\/script>\n                        <\/div>\n\n            \t\t\t\t<\/div>\n\t\t\t\t<\/div>\n\t\t\t\t<\/div>\n\t\t\t\t<\/div>\n\t\t\t\t\t<\/div>\n\t\t\t\t<\/div>\n\t\t<div class=\"elementor-element elementor-element-30d31609 e-con-full e-flex e-con e-parent\" data-id=\"30d31609\" data-element_type=\"container\" data-e-type=\"container\">\n\t\t\t\t<div class=\"elementor-element elementor-element-3e18bb29 elementor-widget elementor-widget-google_maps\" data-id=\"3e18bb29\" data-element_type=\"widget\" data-e-type=\"widget\" data-widget_type=\"google_maps.default\">\n\t\t\t\t\t\t\t<div class=\"elementor-custom-embed\">\n\t\t\t<iframe loading=\"lazy\"\n\t\t\t\t\tsrc=\"https:\/\/maps.google.com\/maps?q=4600%20Boulevard%20des%20Grandes-Prairies%20Saint-L%C3%A9onard%2C%20QC%20H1R%201A1&#038;t=m&#038;z=14&#038;output=embed&#038;iwloc=near\"\n\t\t\t\t\ttitle=\"4600 Boulevard des Grandes-Prairies Saint-L\u00e9onard, QC H1R 1A1\"\n\t\t\t\t\taria-label=\"4600 Boulevard des Grandes-Prairies Saint-L\u00e9onard, QC H1R 1A1\"\n\t\t\t><\/iframe>\n\t\t<\/div>\n\t\t\t\t\t\t<\/div>\n\t\t\t\t<\/div>\n\t\t\t\t<\/div>","protected":false},"excerpt":{"rendered":"<p>Contactez-nous Un \u00e9change simple, transparent et d\u00e9di\u00e9 \u00e0 votre bien-\u00eatre du sommeil. Restons en contact Un accompagnement simple, humain et r\u00e9actif. Notre \u00e9quipe est disponible pour r\u00e9pondre \u00e0 vos questions, vous guider dans votre choix de matelas et vous offrir un service adapt\u00e9 \u00e0 vos besoins. Venez nous voir 4600 Boulevard des Grandes-Prairies Saint-L\u00e9onard, QC [&hellip;]<\/p>\n","protected":false},"author":1,"featured_media":0,"parent":0,"menu_order":0,"comment_status":"closed","ping_status":"closed","template":"elementor_header_footer","meta":{"footnotes":""},"class_list":["post-474","page","type-page","status-publish","hentry"],"yoast_head":"<!-- This site is optimized with the Yoast SEO plugin v27.5 - https:\/\/yoast.com\/product\/yoast-seo-wordpress\/ -->\n<title>Contactez Matelas Personnel | Nos experts sommeil \u00e0 votre \u00e9coute<\/title>\n<meta name=\"robots\" content=\"index, follow, max-snippet:-1, max-image-preview:large, max-video-preview:-1\" \/>\n<link rel=\"canonical\" href=\"https:\/\/matelaspersonnel.com\/en\/contact-us\/\" \/>\n<meta property=\"og:locale\" content=\"en_US\" \/>\n<meta property=\"og:type\" content=\"article\" \/>\n<meta property=\"og:title\" content=\"Contactez Matelas Personnel | Nos experts sommeil \u00e0 votre \u00e9coute\" \/>\n<meta property=\"og:description\" content=\"Contactez-nous Un \u00e9change simple, transparent et d\u00e9di\u00e9 \u00e0 votre bien-\u00eatre du sommeil. Restons en contact Un accompagnement simple, humain et r\u00e9actif. Notre \u00e9quipe est disponible pour r\u00e9pondre \u00e0 vos questions, vous guider dans votre choix de matelas et vous offrir un service adapt\u00e9 \u00e0 vos besoins. Venez nous voir 4600 Boulevard des Grandes-Prairies Saint-L\u00e9onard, QC [&hellip;]\" \/>\n<meta property=\"og:url\" content=\"https:\/\/matelaspersonnel.com\/en\/contact-us\/\" \/>\n<meta property=\"og:site_name\" content=\"Matelas Personnel\" \/>\n<meta property=\"article:modified_time\" content=\"2026-02-18T15:16:16+00:00\" \/>\n<meta name=\"twitter:card\" content=\"summary_large_image\" \/>\n<meta name=\"twitter:label1\" content=\"Est. reading time\" \/>\n\t<meta name=\"twitter:data1\" content=\"1 minute\" \/>\n<script type=\"application\/ld+json\" class=\"yoast-schema-graph\">{\"@context\":\"https:\\\/\\\/schema.org\",\"@graph\":[{\"@type\":\"WebPage\",\"@id\":\"https:\\\/\\\/matelaspersonnel.com\\\/contact-us\\\/\",\"url\":\"https:\\\/\\\/matelaspersonnel.com\\\/contact-us\\\/\",\"name\":\"Contactez Matelas Personnel | Nos experts sommeil \u00e0 votre \u00e9coute\",\"isPartOf\":{\"@id\":\"https:\\\/\\\/matelaspersonnel.com\\\/#website\"},\"datePublished\":\"2025-12-04T13:34:46+00:00\",\"dateModified\":\"2026-02-18T15:16:16+00:00\",\"breadcrumb\":{\"@id\":\"https:\\\/\\\/matelaspersonnel.com\\\/contact-us\\\/#breadcrumb\"},\"inLanguage\":\"en-CA\",\"potentialAction\":[{\"@type\":\"ReadAction\",\"target\":[\"https:\\\/\\\/matelaspersonnel.com\\\/contact-us\\\/\"]}]},{\"@type\":\"BreadcrumbList\",\"@id\":\"https:\\\/\\\/matelaspersonnel.com\\\/contact-us\\\/#breadcrumb\",\"itemListElement\":[{\"@type\":\"ListItem\",\"position\":1,\"name\":\"Accueil\",\"item\":\"https:\\\/\\\/matelaspersonnel.com\\\/\"},{\"@type\":\"ListItem\",\"position\":2,\"name\":\"Contact Us\"}]},{\"@type\":\"WebSite\",\"@id\":\"https:\\\/\\\/matelaspersonnel.com\\\/#website\",\"url\":\"https:\\\/\\\/matelaspersonnel.com\\\/\",\"name\":\"Matelas Personnel\",\"description\":\"\",\"publisher\":{\"@id\":\"https:\\\/\\\/matelaspersonnel.com\\\/#organization\"},\"potentialAction\":[{\"@type\":\"SearchAction\",\"target\":{\"@type\":\"EntryPoint\",\"urlTemplate\":\"https:\\\/\\\/matelaspersonnel.com\\\/?s={search_term_string}\"},\"query-input\":{\"@type\":\"PropertyValueSpecification\",\"valueRequired\":true,\"valueName\":\"search_term_string\"}}],\"inLanguage\":\"en-CA\"},{\"@type\":\"Organization\",\"@id\":\"https:\\\/\\\/matelaspersonnel.com\\\/#organization\",\"name\":\"Matelas Personnel\",\"url\":\"https:\\\/\\\/matelaspersonnel.com\\\/\",\"logo\":{\"@type\":\"ImageObject\",\"inLanguage\":\"en-CA\",\"@id\":\"https:\\\/\\\/matelaspersonnel.com\\\/#\\\/schema\\\/logo\\\/image\\\/\",\"url\":\"https:\\\/\\\/matelaspersonnel.com\\\/wp-content\\\/uploads\\\/2025\\\/11\\\/Matelas-Personnel-Logo--e1764421185273.webp\",\"contentUrl\":\"https:\\\/\\\/matelaspersonnel.com\\\/wp-content\\\/uploads\\\/2025\\\/11\\\/Matelas-Personnel-Logo--e1764421185273.webp\",\"width\":1229,\"height\":363,\"caption\":\"Matelas Personnel\"},\"image\":{\"@id\":\"https:\\\/\\\/matelaspersonnel.com\\\/#\\\/schema\\\/logo\\\/image\\\/\"}}]}<\/script>\n<!-- \/ Yoast SEO plugin. -->","yoast_head_json":{"title":"Contactez Matelas Personnel | Nos experts sommeil \u00e0 votre \u00e9coute","robots":{"index":"index","follow":"follow","max-snippet":"max-snippet:-1","max-image-preview":"max-image-preview:large","max-video-preview":"max-video-preview:-1"},"canonical":"https:\/\/matelaspersonnel.com\/en\/contact-us\/","og_locale":"en_US","og_type":"article","og_title":"Contactez Matelas Personnel | Nos experts sommeil \u00e0 votre \u00e9coute","og_description":"Contactez-nous Un \u00e9change simple, transparent et d\u00e9di\u00e9 \u00e0 votre bien-\u00eatre du sommeil. Restons en contact Un accompagnement simple, humain et r\u00e9actif. Notre \u00e9quipe est disponible pour r\u00e9pondre \u00e0 vos questions, vous guider dans votre choix de matelas et vous offrir un service adapt\u00e9 \u00e0 vos besoins. Venez nous voir 4600 Boulevard des Grandes-Prairies Saint-L\u00e9onard, QC [&hellip;]","og_url":"https:\/\/matelaspersonnel.com\/en\/contact-us\/","og_site_name":"Matelas Personnel","article_modified_time":"2026-02-18T15:16:16+00:00","twitter_card":"summary_large_image","twitter_misc":{"Est. reading time":"1 minute"},"schema":{"@context":"https:\/\/schema.org","@graph":[{"@type":"WebPage","@id":"https:\/\/matelaspersonnel.com\/contact-us\/","url":"https:\/\/matelaspersonnel.com\/contact-us\/","name":"Contactez Matelas Personnel | Nos experts sommeil \u00e0 votre \u00e9coute","isPartOf":{"@id":"https:\/\/matelaspersonnel.com\/#website"},"datePublished":"2025-12-04T13:34:46+00:00","dateModified":"2026-02-18T15:16:16+00:00","breadcrumb":{"@id":"https:\/\/matelaspersonnel.com\/contact-us\/#breadcrumb"},"inLanguage":"en-CA","potentialAction":[{"@type":"ReadAction","target":["https:\/\/matelaspersonnel.com\/contact-us\/"]}]},{"@type":"BreadcrumbList","@id":"https:\/\/matelaspersonnel.com\/contact-us\/#breadcrumb","itemListElement":[{"@type":"ListItem","position":1,"name":"Accueil","item":"https:\/\/matelaspersonnel.com\/"},{"@type":"ListItem","position":2,"name":"Contact Us"}]},{"@type":"WebSite","@id":"https:\/\/matelaspersonnel.com\/#website","url":"https:\/\/matelaspersonnel.com\/","name":"Matelas Personnel","description":"","publisher":{"@id":"https:\/\/matelaspersonnel.com\/#organization"},"potentialAction":[{"@type":"SearchAction","target":{"@type":"EntryPoint","urlTemplate":"https:\/\/matelaspersonnel.com\/?s={search_term_string}"},"query-input":{"@type":"PropertyValueSpecification","valueRequired":true,"valueName":"search_term_string"}}],"inLanguage":"en-CA"},{"@type":"Organization","@id":"https:\/\/matelaspersonnel.com\/#organization","name":"Matelas Personnel","url":"https:\/\/matelaspersonnel.com\/","logo":{"@type":"ImageObject","inLanguage":"en-CA","@id":"https:\/\/matelaspersonnel.com\/#\/schema\/logo\/image\/","url":"https:\/\/matelaspersonnel.com\/wp-content\/uploads\/2025\/11\/Matelas-Personnel-Logo--e1764421185273.webp","contentUrl":"https:\/\/matelaspersonnel.com\/wp-content\/uploads\/2025\/11\/Matelas-Personnel-Logo--e1764421185273.webp","width":1229,"height":363,"caption":"Matelas Personnel"},"image":{"@id":"https:\/\/matelaspersonnel.com\/#\/schema\/logo\/image\/"}}]}},"_links":{"self":[{"href":"https:\/\/matelaspersonnel.com\/en\/wp-json\/wp\/v2\/pages\/474","targetHints":{"allow":["GET"]}}],"collection":[{"href":"https:\/\/matelaspersonnel.com\/en\/wp-json\/wp\/v2\/pages"}],"about":[{"href":"https:\/\/matelaspersonnel.com\/en\/wp-json\/wp\/v2\/types\/page"}],"author":[{"embeddable":true,"href":"https:\/\/matelaspersonnel.com\/en\/wp-json\/wp\/v2\/users\/1"}],"replies":[{"embeddable":true,"href":"https:\/\/matelaspersonnel.com\/en\/wp-json\/wp\/v2\/comments?post=474"}],"version-history":[{"count":28,"href":"https:\/\/matelaspersonnel.com\/en\/wp-json\/wp\/v2\/pages\/474\/revisions"}],"predecessor-version":[{"id":761,"href":"https:\/\/matelaspersonnel.com\/en\/wp-json\/wp\/v2\/pages\/474\/revisions\/761"}],"wp:attachment":[{"href":"https:\/\/matelaspersonnel.com\/en\/wp-json\/wp\/v2\/media?parent=474"}],"curies":[{"name":"wp","href":"https:\/\/api.w.org\/{rel}","templated":true}]}}